{"id":1646,"date":"2023-03-16T13:53:25","date_gmt":"2023-03-16T13:53:25","guid":{"rendered":"https:\/\/tecnologia.vamtam.com\/?page_id=1646"},"modified":"2024-07-22T19:57:29","modified_gmt":"2024-07-22T19:57:29","slug":"kullanim-kosullari","status":"publish","type":"page","link":"https:\/\/alagan.tech\/en\/kullanim-kosullari\/","title":{"rendered":"Terms of Use"},"content":{"rendered":"<div data-elementor-type=\"wp-page\" data-elementor-id=\"1646\" class=\"elementor elementor-1646\" data-elementor-post-type=\"page\">\n\t\t\t\t\t\t<section class=\"elementor-section elementor-top-section elementor-element elementor-element-e37aa05 elementor-section-boxed elementor-section-height-default elementor-section-height-default\" data-id=\"e37aa05\" data-element_type=\"section\">\n\t\t\t\t\t\t<div class=\"elementor-container elementor-column-gap-default\">\n\t\t\t\t\t<div class=\"elementor-column elementor-col-100 elementor-top-column elementor-element elementor-element-8b3e74f\" data-id=\"8b3e74f\" data-element_type=\"column\">\n\t\t\t<div class=\"elementor-widget-wrap elementor-element-populated\">\n\t\t\t\t\t\t<div class=\"elementor-element elementor-element-80298dd animated-slow elementor-invisible elementor-widget elementor-widget-heading\" data-id=\"80298dd\" data-element_type=\"widget\" data-settings=\"{&quot;_animation&quot;:&quot;fadeIn&quot;,&quot;_animation_tablet&quot;:&quot;none&quot;}\" data-widget_type=\"heading.default\">\n\t\t\t\t<div class=\"elementor-widget-container\">\n\t\t\t\t\t<h1 class=\"elementor-heading-title elementor-size-default\">Terms of Use<\/h1>\t\t\t\t<\/div>\n\t\t\t\t<\/div>\n\t\t\t\t<div class=\"elementor-element elementor-element-76d638f animated-slow elementor-invisible elementor-widget elementor-widget-heading\" data-id=\"76d638f\" data-element_type=\"widget\" data-settings=\"{&quot;_animation&quot;:&quot;fadeIn&quot;,&quot;_animation_tablet&quot;:&quot;none&quot;,&quot;_animation_delay&quot;:300}\" data-widget_type=\"heading.default\">\n\t\t\t\t<div class=\"elementor-widget-container\">\n\t\t\t\t\t<p class=\"elementor-heading-title elementor-size-default\">Alagan Tech Dan\u0131\u015fmanl\u0131k ve Tic. A.\u015e.<\/p>\t\t\t\t<\/div>\n\t\t\t\t<\/div>\n\t\t\t\t<div class=\"elementor-element elementor-element-fed2f21 elementor-widget elementor-widget-spacer\" data-id=\"fed2f21\" data-element_type=\"widget\" data-widget_type=\"spacer.default\">\n\t\t\t\t<div class=\"elementor-widget-container\">\n\t\t\t\t\t\t\t<div class=\"elementor-spacer\">\n\t\t\t<div class=\"elementor-spacer-inner\"><\/div>\n\t\t<\/div>\n\t\t\t\t\t\t<\/div>\n\t\t\t\t<\/div>\n\t\t\t\t\t<\/div>\n\t\t<\/div>\n\t\t\t\t\t<\/div>\n\t\t<\/section>\n\t\t<div class=\"elementor-element elementor-element-d9ecc16 e-flex e-con-boxed e-con e-parent\" data-id=\"d9ecc16\" data-element_type=\"container\">\n\t\t\t\t\t<div class=\"e-con-inner\">\n\t\t\t\t<div class=\"elementor-element elementor-element-064e90d elementor-widget elementor-widget-html\" data-id=\"064e90d\" data-element_type=\"widget\" data-widget_type=\"html.default\">\n\t\t\t\t<div class=\"elementor-widget-container\">\n\t\t\t\t\t<h1>Terms of Use<\/h1>\r\n<p>Son g\u00fcncellenme: 22\/07\/2024<\/p>\r\n<p>\r\nSevgili ziyaret\u00e7imiz, l\u00fctfen https:\/\/alagan.tech\/ web sitemizi ziyaret etmeden \u00f6nce i\u015fbu\r\nkullan\u0131m ko\u015fullar\u0131 s\u00f6zle\u015fmesini dikkatlice okuyunuz. Siteye eri\u015fiminiz\r\ntamamen bu s\u00f6zle\u015fmeyi kabul\u00fcn\u00fcze ve bu s\u00f6zle\u015fme ile belirlenen\r\n\u015fartlara uyman\u0131za ba\u011fl\u0131d\u0131r. \u015eayet bu s\u00f6zle\u015fmede yazan herhangi\r\nbir ko\u015fulu kabul etmiyorsan\u0131z, l\u00fctfen siteye eri\u015fiminizi sonland\u0131r\u0131n\u0131z.\r\nSiteye eri\u015fiminizi s\u00fcrd\u00fcrd\u00fc\u011f\u00fcn\u00fcz takdirde, ko\u015fulsuz ve k\u0131s\u0131tlamas\u0131z olarak,\r\ni\u015fbu s\u00f6zle\u015fme metninin tamam\u0131n\u0131 kabul etti\u011finizin, taraf\u0131m\u0131zca varsay\u0131laca\u011f\u0131n\u0131\r\nl\u00fctfen unutmay\u0131n\u0131z.\r\n<\/p>\r\n<p>\r\nhttps:\/\/alagan.tech\/ web sitesi Alagan Tech Dan\u0131\u015fmanl\u0131k ve Tic. A.\u015e. taraf\u0131ndan y\u00f6netilmekte olup, bundan sonra S\u0130TE olarak an\u0131lacakt\u0131r.\r\n\u0130\u015fbu siteye ili\u015fkin Kullan\u0131m Ko\u015fullar\u0131, yay\u0131nlanmakla y\u00fcr\u00fcrl\u00fc\u011fe girer.\r\nDe\u011fi\u015fiklik yapma hakk\u0131, tek tarafl\u0131 olarak S\u0130TE'ye aittir ve\r\nS\u0130TE \u00fczerinden g\u00fcncel olarak payla\u015f\u0131lacak olan bu de\u011fi\u015fiklikleri,\r\nt\u00fcm kullan\u0131c\u0131lar\u0131m\u0131z ba\u015ftan kabul etmi\u015f say\u0131l\u0131r.\r\n<\/p>\r\n<h2>Gizlilik<\/h2>\r\n<p>\r\nGizlilik, ayr\u0131 bir sayfada, ki\u015fisel verilerinizin taraf\u0131m\u0131zca\r\ni\u015flenmesinin esaslar\u0131n\u0131 d\u00fczenlemek \u00fczere mevcuttur. S\u0130TE'yi kulland\u0131\u011f\u0131n\u0131z takdirde,\r\nbu verilerin i\u015flenmesinin gizlilik politikas\u0131na uygun olarak ger\u00e7ekle\u015fti\u011fini\r\nkabul edersiniz.\r\n<\/p>\r\n<h2>Hizmet Kapsam\u0131<\/h2>\r\n<p>\r\nAlagan Tech Dan\u0131\u015fmanl\u0131k ve Tic. A.\u015e. olarak, sunaca\u011f\u0131m\u0131z hizmetlerin kapsam\u0131n\u0131 ve niteli\u011fini, yasalar\r\n\u00e7er\u00e7evesinde belirlemekte tamamen serbest olup; hizmetlere ili\u015fkin yapaca\u011f\u0131m\u0131z\r\nde\u011fi\u015fiklikler, S\u0130TE'de yay\u0131nlanmakla y\u00fcr\u00fcrl\u00fc\u011fe girmi\u015f say\u0131lacakt\u0131r.\r\n<\/p>\r\n<h2>Telif Haklar\u0131<\/h2>\r\n<p>\r\nS\u0130TE'de yay\u0131nlanan t\u00fcm metin, kod, grafikler,\r\nlogolar, resimler, ses dosyalar\u0131 ve kullan\u0131lan yaz\u0131l\u0131m\u0131n sahibi\r\n(bundan b\u00f6yle ve daha sonra \"i\u00e7erik\" olarak an\u0131lacakt\u0131r) Alagan Tech Dan\u0131\u015fmanl\u0131k ve Tic. A.\u015e. olup,\r\nt\u00fcm haklar\u0131 sakl\u0131d\u0131r. Yaz\u0131l\u0131 izin olmaks\u0131z\u0131n site i\u00e7eri\u011finin \u00e7o\u011falt\u0131lmas\u0131 veya kopyalanmas\u0131\r\nkesinlikle yasakt\u0131r.\r\n<\/p>\r\n<h2>Genel H\u00fck\u00fcmler<\/h2>\r\n<ul>\r\n<li>\r\nKullan\u0131c\u0131lar\u0131n tamam\u0131, S\u0130TE'yi yaln\u0131zca hukuka uygun ve \u015fahsi\r\nama\u00e7larla kullanacaklar\u0131n\u0131 ve \u00fc\u00e7\u00fcnc\u00fc ki\u015finin haklar\u0131na tecav\u00fcz\r\nte\u015fkil edecek nitelikteki herhangi bir faaliyette bulunmayaca\u011f\u0131n\u0131\r\ntaahh\u00fct eder. S\u0130TE d\u00e2hilinde yapt\u0131klar\u0131 i\u015flem ve eylemlerindeki,\r\nhukuki ve cezai sorumluluklar\u0131 kendilerine aittir. \u0130\u015fbu i\u015f ve\r\neylemler sebebiyle, \u00fc\u00e7\u00fcnc\u00fc ki\u015filerin u\u011frad\u0131klar\u0131 veya u\u011frayabilecekleri\r\nzararlardan dolay\u0131 S\u0130TE'nin do\u011frudan ve\/veya dolayl\u0131 hi\u00e7bir sorumlulu\u011fu yoktur.\r\n<\/li>\r\n<li>\r\nS\u0130TE'de mevcut bilgilerin do\u011fruluk ve g\u00fcncelli\u011fini sa\u011flamak i\u00e7in\r\nelimizden geleni yapmaktay\u0131z. Lakin g\u00f6sterdi\u011fimiz \u00e7abaya ra\u011fmen,\r\nbu bilgiler, fiili de\u011fi\u015fikliklerin gerisinde kalabilir, birtak\u0131m\r\nfarkl\u0131l\u0131klar olabilir. Bu sebeple, site i\u00e7erisinde yer alan bilgilerin\r\ndo\u011frulu\u011fu ve g\u00fcncelli\u011fi ile ilgili taraf\u0131m\u0131zca, a\u00e7\u0131k veya z\u0131mni, herhangi\r\nbir garanti verilmemekte, hi\u00e7bir taahh\u00fctte bulunulmamaktad\u0131r.\r\n<\/li>\r\n<li>\r\nS\u0130TE'de \u00fc\u00e7\u00fcnc\u00fc \u015fah\u0131slar taraf\u0131ndan i\u015fletilen ve i\u00e7erikleri taraf\u0131m\u0131zca\r\nbilinmeyen di\u011fer web sitelerine, uygulamalara ve platformlara k\u00f6pr\u00fcler\r\n(hyperlink) bulunabilir. S\u0130TE, i\u015flevsellik yaln\u0131zca bu sitelere ula\u015f\u0131m\u0131\r\nsa\u011flamakta olup, i\u00e7erikleri ile ilgili hi\u00e7bir sorumluluk kabul etmemekteyiz.\r\n<\/li>\r\n<li>\r\nS\u0130TE'yi vir\u00fcslerden temizlenmi\u015f tutmak konusunda elimizden geleni\r\nyapsak da, vir\u00fcslerin tamamen bulunmad\u0131\u011f\u0131 garantisini vermemekteyiz.\r\nBu nedenle veri indirirken, vir\u00fcslere kar\u015f\u0131 gerekli \u00f6nlemi almak, kullan\u0131c\u0131lar\u0131n\r\nsorumlulu\u011fundad\u0131r. Vir\u00fcs vb. k\u00f6t\u00fc ama\u00e7l\u0131 programlar, kodlar veya materyallerin\r\nsebep olabilece\u011fi zararlardan dolay\u0131 sorumluluk kabul etmemekteyiz.\r\n<\/li>\r\n<li>\r\nS\u0130TE'de sunulan hizmetlerde, kusur veya hata olmayaca\u011f\u0131na ya da\r\nkesintisiz hizmet verilece\u011fine dair garanti vermemekteyiz. S\u0130TE'ye ve\r\nsitenin hizmetlerine veya herhangi bir b\u00f6l\u00fcm\u00fcne olan eri\u015fiminizi \u00f6nceden\r\nbildirmeksizin herhangi bir zamanda sonland\u0131rabiliriz.\r\n<\/li>\r\n<\/ul>\r\n<h2>Sorumlulu\u011fun S\u0131n\u0131rland\u0131r\u0131lmas\u0131<\/h2>\r\n<p>\r\nS\u0130TE'nin kullan\u0131m\u0131ndan do\u011fan zararlara ili\u015fkin sorumlulu\u011fumuz, kast ve a\u011f\u0131r ihmal ile s\u0131n\u0131rl\u0131d\u0131r.\r\nS\u00f6zle\u015fmenin ihlalinden do\u011fan zararlarda, talep edilebilecek toplam tazminat,\r\n\u00f6ng\u00f6r\u00fclebilir hasarlar ile s\u0131n\u0131rl\u0131d\u0131r. Yukar\u0131da bahsedilen sorumluluk s\u0131n\u0131rlamalar\u0131\r\nayn\u0131 zamanda insan hayat\u0131na, bedeni yaralanmaya veya bir ki\u015finin sa\u011fl\u0131\u011f\u0131na gelebilecek\r\nzararlar durumunda ge\u00e7erli de\u011fildir. Hukuken m\u00fccbir sebep say\u0131lan t\u00fcm durumlarda,\r\ngecikme, ifa etmeme veya temerr\u00fctten dolay\u0131, herhangi bir tazminat y\u00fck\u00fcml\u00fcl\u00fc\u011f\u00fcm\u00fcz\r\ndo\u011fmayacakt\u0131r.\r\n<\/p>\r\n<p>\r\nUyu\u015fmazl\u0131k \u00c7\u00f6z\u00fcm\u00fc: \u0130\u015fbu S\u00f6zle\u015fme'nin uygulanmas\u0131ndan veya yorumlanmas\u0131ndan\r\ndo\u011facak her t\u00fcrl\u00fc uyu\u015fmazl\u0131\u011f\u0131n \u00e7\u00f6z\u00fcm\u00fcnde, T\u00fcrkiye Cumhuriyeti yasalar\u0131 uygulan\u0131r;\r\n\u0130stanbul Adliyesi Mahkemeleri ve \u0130cra Daireleri yetkilidir.\r\n<\/p>\r\n\t\t\t\t<\/div>\n\t\t\t\t<\/div>\n\t\t\t\t\t<\/div>\n\t\t\t\t<\/div>\n\t\t<div class=\"elementor-element elementor-element-8233bd8 e-flex e-con-boxed e-con e-parent\" data-id=\"8233bd8\" data-element_type=\"container\">\n\t\t\t\t\t<div class=\"e-con-inner\">\n\t\t\t\t<div class=\"elementor-element elementor-element-3a2122e elementor-widget elementor-widget-spacer\" data-id=\"3a2122e\" data-element_type=\"widget\" data-widget_type=\"spacer.default\">\n\t\t\t\t<div class=\"elementor-widget-container\">\n\t\t\t\t\t\t\t<div class=\"elementor-spacer\">\n\t\t\t<div class=\"elementor-spacer-inner\"><\/div>\n\t\t<\/div>\n\t\t\t\t\t\t<\/div>\n\t\t\t\t<\/div>\n\t\t\t\t\t<\/div>\n\t\t\t\t<\/div>\n\t\t\t\t<\/div>","protected":false},"excerpt":{"rendered":"<p>Kullan\u0131m Ko\u015fullar\u0131 Alagan Tech Dan\u0131\u015fmanl\u0131k ve Tic. A.\u015e. Kullan\u0131m Ko\u015fullar\u0131 Son g\u00fcncellenme: 22\/07\/2024 Sevgili ziyaret\u00e7imiz, l\u00fctfen https:\/\/alagan.tech\/ web sitemizi ziyaret etmeden \u00f6nce i\u015fbu kullan\u0131m ko\u015fullar\u0131 s\u00f6zle\u015fmesini dikkatlice okuyunuz. Siteye eri\u015fiminiz tamamen bu s\u00f6zle\u015fmeyi kabul\u00fcn\u00fcze ve bu s\u00f6zle\u015fme ile belirlenen \u015fartlara uyman\u0131za ba\u011fl\u0131d\u0131r. \u015eayet bu s\u00f6zle\u015fmede yazan herhangi bir ko\u015fulu kabul etmiyorsan\u0131z, l\u00fctfen siteye eri\u015fiminizi sonland\u0131r\u0131n\u0131z&#8230;.<\/p>","protected":false},"author":1,"featured_media":0,"parent":0,"menu_order":0,"comment_status":"closed","ping_status":"closed","template":"","meta":{"footnotes":""},"class_list":["post-1646","page","type-page","status-publish","hentry"],"_links":{"self":[{"href":"https:\/\/alagan.tech\/en\/wp-json\/wp\/v2\/pages\/1646","targetHints":{"allow":["GET"]}}],"collection":[{"href":"https:\/\/alagan.tech\/en\/wp-json\/wp\/v2\/pages"}],"about":[{"href":"https:\/\/alagan.tech\/en\/wp-json\/wp\/v2\/types\/page"}],"author":[{"embeddable":true,"href":"https:\/\/alagan.tech\/en\/wp-json\/wp\/v2\/users\/1"}],"replies":[{"embeddable":true,"href":"https:\/\/alagan.tech\/en\/wp-json\/wp\/v2\/comments?post=1646"}],"version-history":[{"count":7,"href":"https:\/\/alagan.tech\/en\/wp-json\/wp\/v2\/pages\/1646\/revisions"}],"predecessor-version":[{"id":987981,"href":"https:\/\/alagan.tech\/en\/wp-json\/wp\/v2\/pages\/1646\/revisions\/987981"}],"wp:attachment":[{"href":"https:\/\/alagan.tech\/en\/wp-json\/wp\/v2\/media?parent=1646"}],"curies":[{"name":"wp","href":"https:\/\/api.w.org\/{rel}","templated":true}]}}