{"id":2712,"date":"2023-03-21T09:37:02","date_gmt":"2023-03-21T09:37:02","guid":{"rendered":"https:\/\/tecnologia.vamtam.com\/?page_id=2712"},"modified":"2024-09-05T07:16:04","modified_gmt":"2024-09-05T07:16:04","slug":"uygulama","status":"publish","type":"page","link":"https:\/\/alagan.tech\/en\/connected-mobility-solutions\/uygulama\/","title":{"rendered":"Customer Experience of Claim Management"},"content":{"rendered":"<div data-elementor-type=\"wp-page\" data-elementor-id=\"2712\" class=\"elementor elementor-2712\" data-elementor-post-type=\"page\">\n\t\t\t\t<div class=\"elementor-element elementor-element-655f1aa e-flex e-con-boxed e-con e-parent\" data-id=\"655f1aa\" data-element_type=\"container\">\n\t\t\t\t\t<div class=\"e-con-inner\">\n\t\t\t\t<div class=\"elementor-element elementor-element-047029c elementor-widget__width-initial elementor-widget elementor-widget-heading\" data-id=\"047029c\" data-element_type=\"widget\" data-widget_type=\"heading.default\">\n\t\t\t\t<div class=\"elementor-widget-container\">\n\t\t\t\t\t<h2 class=\"elementor-heading-title elementor-size-default\">Connected Vehicle Services<\/h2>\t\t\t\t<\/div>\n\t\t\t\t<\/div>\n\t\t<div class=\"elementor-element elementor-element-d14ac09 e-con-full e-flex e-con e-child\" data-id=\"d14ac09\" data-element_type=\"container\">\n\t\t\t\t<div class=\"elementor-element elementor-element-f6b61ea elementor-widget elementor-widget-text-editor\" data-id=\"f6b61ea\" data-element_type=\"widget\" data-widget_type=\"text-editor.default\">\n\t\t\t\t<div class=\"elementor-widget-container\">\n\t\t\t\t\t\t\t\t\t<p>Automatization of all claim process after the accident by using the cloud based solution. efficiency of improvement on cost, time up to percent all claim process<\/p>\t\t\t\t\t\t\t\t<\/div>\n\t\t\t\t<\/div>\n\t\t\t\t<\/div>\n\t\t<div class=\"elementor-element elementor-element-14f0677 e-con-full e-flex e-con e-child\" data-id=\"14f0677\" data-element_type=\"container\">\n\t\t\t\t<div class=\"elementor-element elementor-element-6f54bd4 elementor-widget elementor-widget-image\" data-id=\"6f54bd4\" data-element_type=\"widget\" data-widget_type=\"image.default\">\n\t\t\t\t<div class=\"elementor-widget-container\">\n\t\t\t\t\t\t\t\t\t\t\t\t\t\t\t<img fetchpriority=\"high\" decoding=\"async\" width=\"1024\" height=\"576\" src=\"https:\/\/alagan.tech\/wp-content\/uploads\/2024\/09\/Connected-Vehicle-Services-PPT-V1-9-Aug-2023-.pdf-1024x576.png\" class=\"attachment-large size-large wp-image-988781\" alt=\"\" srcset=\"https:\/\/alagan.tech\/wp-content\/uploads\/2024\/09\/Connected-Vehicle-Services-PPT-V1-9-Aug-2023-.pdf-1024x576.png 1024w, https:\/\/alagan.tech\/wp-content\/uploads\/2024\/09\/Connected-Vehicle-Services-PPT-V1-9-Aug-2023-.pdf-300x169.png 300w, https:\/\/alagan.tech\/wp-content\/uploads\/2024\/09\/Connected-Vehicle-Services-PPT-V1-9-Aug-2023-.pdf-768x432.png 768w, https:\/\/alagan.tech\/wp-content\/uploads\/2024\/09\/Connected-Vehicle-Services-PPT-V1-9-Aug-2023-.pdf-1536x864.png 1536w, https:\/\/alagan.tech\/wp-content\/uploads\/2024\/09\/Connected-Vehicle-Services-PPT-V1-9-Aug-2023-.pdf-2048x1152.png 2048w, https:\/\/alagan.tech\/wp-content\/uploads\/2024\/09\/Connected-Vehicle-Services-PPT-V1-9-Aug-2023-.pdf-18x10.png 18w\" sizes=\"(max-width: 1024px) 100vw, 1024px\" \/>\t\t\t\t\t\t\t\t\t\t\t\t\t\t\t<\/div>\n\t\t\t\t<\/div>\n\t\t\t\t<\/div>\n\t\t\t\t<div class=\"elementor-element elementor-element-7eecdaa elementor-widget elementor-widget-text-editor\" data-id=\"7eecdaa\" data-element_type=\"widget\" data-widget_type=\"text-editor.default\">\n\t\t\t\t<div class=\"elementor-widget-container\">\n\t\t\t\t\t\t\t\t\t<p>In the current ecosystem, there are many actors who are effecting the claim process which are not integrated each other digitally<\/p>\t\t\t\t\t\t\t\t<\/div>\n\t\t\t\t<\/div>\n\t\t\t\t<div class=\"elementor-element elementor-element-a1a7fb2 elementor-widget elementor-widget-text-editor\" data-id=\"a1a7fb2\" data-element_type=\"widget\" data-widget_type=\"text-editor.default\">\n\t\t\t\t<div class=\"elementor-widget-container\">\n\t\t\t\t\t\t\t\t\t<p>Claim fraud is up to 30 person worldwide, unhappy final customer and inefficient retail shop operations<\/p>\t\t\t\t\t\t\t\t<\/div>\n\t\t\t\t<\/div>\n\t\t\t\t\t<\/div>\n\t\t\t\t<\/div>\n\t\t<div class=\"elementor-element elementor-element-665d181 e-flex e-con-boxed e-con e-parent\" data-id=\"665d181\" data-element_type=\"container\">\n\t\t\t\t\t<div class=\"e-con-inner\">\n\t\t\t\t<div class=\"elementor-element elementor-element-87ff3e4 elementor-widget elementor-widget-image\" data-id=\"87ff3e4\" data-element_type=\"widget\" data-widget_type=\"image.default\">\n\t\t\t\t<div class=\"elementor-widget-container\">\n\t\t\t\t\t\t\t\t\t\t\t\t\t\t\t<img decoding=\"async\" width=\"1024\" height=\"576\" src=\"https:\/\/alagan.tech\/wp-content\/uploads\/2024\/09\/2-1024x576.png\" class=\"attachment-large size-large wp-image-988815\" alt=\"\" srcset=\"https:\/\/alagan.tech\/wp-content\/uploads\/2024\/09\/2-1024x576.png 1024w, https:\/\/alagan.tech\/wp-content\/uploads\/2024\/09\/2-300x169.png 300w, https:\/\/alagan.tech\/wp-content\/uploads\/2024\/09\/2-768x432.png 768w, https:\/\/alagan.tech\/wp-content\/uploads\/2024\/09\/2-1536x864.png 1536w, https:\/\/alagan.tech\/wp-content\/uploads\/2024\/09\/2-2048x1152.png 2048w, https:\/\/alagan.tech\/wp-content\/uploads\/2024\/09\/2-18x10.png 18w\" sizes=\"(max-width: 1024px) 100vw, 1024px\" \/>\t\t\t\t\t\t\t\t\t\t\t\t\t\t\t<\/div>\n\t\t\t\t<\/div>\n\t\t\t\t\t<\/div>\n\t\t\t\t<\/div>\n\t\t<div class=\"elementor-element elementor-element-0c60892 e-flex e-con-boxed e-con e-parent\" data-id=\"0c60892\" data-element_type=\"container\">\n\t\t\t\t\t<div class=\"e-con-inner\">\n\t\t\t\t<div class=\"elementor-element elementor-element-b86c04e elementor-widget elementor-widget-text-editor\" data-id=\"b86c04e\" data-element_type=\"widget\" data-widget_type=\"text-editor.default\">\n\t\t\t\t<div class=\"elementor-widget-container\">\n\t\t\t\t\t\t\t\t\t<p>All system are connected to the cloud based platform, communicate each other real time through the device I-sticker in the car, mobile phone<\/p>\t\t\t\t\t\t\t\t<\/div>\n\t\t\t\t<\/div>\n\t\t\t\t\t<\/div>\n\t\t\t\t<\/div>\n\t\t<div class=\"elementor-element elementor-element-7027a42 e-flex e-con-boxed e-con e-parent\" data-id=\"7027a42\" data-element_type=\"container\">\n\t\t\t\t\t<div class=\"e-con-inner\">\n\t\t\t\t<div class=\"elementor-element elementor-element-92c26e7 elementor-widget elementor-widget-image\" data-id=\"92c26e7\" data-element_type=\"widget\" data-widget_type=\"image.default\">\n\t\t\t\t<div class=\"elementor-widget-container\">\n\t\t\t\t\t\t\t\t\t\t\t\t\t\t\t<img decoding=\"async\" width=\"1024\" height=\"576\" src=\"https:\/\/alagan.tech\/wp-content\/uploads\/2024\/09\/3-1024x576.png\" class=\"attachment-large size-large wp-image-988817\" alt=\"\" srcset=\"https:\/\/alagan.tech\/wp-content\/uploads\/2024\/09\/3-1024x576.png 1024w, https:\/\/alagan.tech\/wp-content\/uploads\/2024\/09\/3-300x169.png 300w, https:\/\/alagan.tech\/wp-content\/uploads\/2024\/09\/3-768x432.png 768w, https:\/\/alagan.tech\/wp-content\/uploads\/2024\/09\/3-1536x864.png 1536w, https:\/\/alagan.tech\/wp-content\/uploads\/2024\/09\/3-2048x1152.png 2048w, https:\/\/alagan.tech\/wp-content\/uploads\/2024\/09\/3-18x10.png 18w\" sizes=\"(max-width: 1024px) 100vw, 1024px\" \/>\t\t\t\t\t\t\t\t\t\t\t\t\t\t\t<\/div>\n\t\t\t\t<\/div>\n\t\t\t\t<div class=\"elementor-element elementor-element-b24daa6 elementor-widget elementor-widget-text-editor\" data-id=\"b24daa6\" data-element_type=\"widget\" data-widget_type=\"text-editor.default\">\n\t\t\t\t<div class=\"elementor-widget-container\">\n\t\t\t\t\t\t\t\t\t<p>All datas are agragated in a cloud platform with an EA automation. Starting by damage estimation after the crash.  All system works simultaneously<\/p>\t\t\t\t\t\t\t\t<\/div>\n\t\t\t\t<\/div>\n\t\t\t\t\t<\/div>\n\t\t\t\t<\/div>\n\t\t<div class=\"elementor-element elementor-element-c7d090f e-flex e-con-boxed e-con e-parent\" data-id=\"c7d090f\" data-element_type=\"container\">\n\t\t\t\t\t<div class=\"e-con-inner\">\n\t\t\t\t<div class=\"elementor-element elementor-element-5052965 elementor-widget elementor-widget-image\" data-id=\"5052965\" data-element_type=\"widget\" data-widget_type=\"image.default\">\n\t\t\t\t<div class=\"elementor-widget-container\">\n\t\t\t\t\t\t\t\t\t\t\t\t\t\t\t<img loading=\"lazy\" decoding=\"async\" width=\"1024\" height=\"576\" src=\"https:\/\/alagan.tech\/wp-content\/uploads\/2024\/09\/4-1024x576.png\" class=\"attachment-large size-large wp-image-988818\" alt=\"\" srcset=\"https:\/\/alagan.tech\/wp-content\/uploads\/2024\/09\/4-1024x576.png 1024w, https:\/\/alagan.tech\/wp-content\/uploads\/2024\/09\/4-300x169.png 300w, https:\/\/alagan.tech\/wp-content\/uploads\/2024\/09\/4-768x432.png 768w, https:\/\/alagan.tech\/wp-content\/uploads\/2024\/09\/4-1536x864.png 1536w, https:\/\/alagan.tech\/wp-content\/uploads\/2024\/09\/4-2048x1152.png 2048w, https:\/\/alagan.tech\/wp-content\/uploads\/2024\/09\/4-18x10.png 18w\" sizes=\"(max-width: 1024px) 100vw, 1024px\" \/>\t\t\t\t\t\t\t\t\t\t\t\t\t\t\t<\/div>\n\t\t\t\t<\/div>\n\t\t\t\t\t<\/div>\n\t\t\t\t<\/div>\n\t\t<div class=\"elementor-element elementor-element-79e5a3e e-flex e-con-boxed e-con e-parent\" data-id=\"79e5a3e\" data-element_type=\"container\">\n\t\t\t\t\t<div class=\"e-con-inner\">\n\t\t\t\t<div class=\"elementor-element elementor-element-474a6d3 elementor-widget elementor-widget-text-editor\" data-id=\"474a6d3\" data-element_type=\"widget\" data-widget_type=\"text-editor.default\">\n\t\t\t\t<div class=\"elementor-widget-container\">\n\t\t\t\t\t\t\t\t\t<p>All datas are aggregated in a cloud platform with an EA automation starting by damage estimate after the crash<\/p>\t\t\t\t\t\t\t\t<\/div>\n\t\t\t\t<\/div>\n\t\t\t\t\t<\/div>\n\t\t\t\t<\/div>\n\t\t<div class=\"elementor-element elementor-element-9313250 e-flex e-con-boxed e-con e-parent\" data-id=\"9313250\" data-element_type=\"container\">\n\t\t\t\t\t<div class=\"e-con-inner\">\n\t\t\t\t<div class=\"elementor-element elementor-element-0202c99 elementor-widget elementor-widget-image\" data-id=\"0202c99\" data-element_type=\"widget\" data-widget_type=\"image.default\">\n\t\t\t\t<div class=\"elementor-widget-container\">\n\t\t\t\t\t\t\t\t\t\t\t\t\t\t\t<img loading=\"lazy\" decoding=\"async\" width=\"1024\" height=\"576\" src=\"https:\/\/alagan.tech\/wp-content\/uploads\/2024\/09\/5-1024x576.png\" class=\"attachment-large size-large wp-image-988819\" alt=\"\" srcset=\"https:\/\/alagan.tech\/wp-content\/uploads\/2024\/09\/5-1024x576.png 1024w, https:\/\/alagan.tech\/wp-content\/uploads\/2024\/09\/5-300x169.png 300w, https:\/\/alagan.tech\/wp-content\/uploads\/2024\/09\/5-768x432.png 768w, https:\/\/alagan.tech\/wp-content\/uploads\/2024\/09\/5-1536x864.png 1536w, https:\/\/alagan.tech\/wp-content\/uploads\/2024\/09\/5-2048x1152.png 2048w, https:\/\/alagan.tech\/wp-content\/uploads\/2024\/09\/5-18x10.png 18w\" sizes=\"(max-width: 1024px) 100vw, 1024px\" \/>\t\t\t\t\t\t\t\t\t\t\t\t\t\t\t<\/div>\n\t\t\t\t<\/div>\n\t\t\t\t\t<\/div>\n\t\t\t\t<\/div>\n\t\t<div class=\"elementor-element elementor-element-ca3e92f e-flex e-con-boxed e-con e-parent\" data-id=\"ca3e92f\" data-element_type=\"container\">\n\t\t\t\t\t<div class=\"e-con-inner\">\n\t\t\t\t<div class=\"elementor-element elementor-element-f12ac2f elementor-widget elementor-widget-text-editor\" data-id=\"f12ac2f\" data-element_type=\"widget\" data-widget_type=\"text-editor.default\">\n\t\t\t\t<div class=\"elementor-widget-container\">\n\t\t\t\t\t\t\t\t\t<p>Efficient interface to transmit accurate data through the application-based system<\/p>\t\t\t\t\t\t\t\t<\/div>\n\t\t\t\t<\/div>\n\t\t\t\t\t<\/div>\n\t\t\t\t<\/div>\n\t\t<div class=\"elementor-element elementor-element-04063f1 e-flex e-con-boxed e-con e-parent\" data-id=\"04063f1\" data-element_type=\"container\">\n\t\t\t\t\t<div class=\"e-con-inner\">\n\t\t\t\t<div class=\"elementor-element elementor-element-655ddc3 elementor-widget elementor-widget-image\" data-id=\"655ddc3\" data-element_type=\"widget\" data-widget_type=\"image.default\">\n\t\t\t\t<div class=\"elementor-widget-container\">\n\t\t\t\t\t\t\t\t\t\t\t\t\t\t\t<img loading=\"lazy\" decoding=\"async\" width=\"1024\" height=\"576\" src=\"https:\/\/alagan.tech\/wp-content\/uploads\/2024\/09\/6-1024x576.png\" class=\"attachment-large size-large wp-image-988820\" alt=\"\" srcset=\"https:\/\/alagan.tech\/wp-content\/uploads\/2024\/09\/6-1024x576.png 1024w, https:\/\/alagan.tech\/wp-content\/uploads\/2024\/09\/6-300x169.png 300w, https:\/\/alagan.tech\/wp-content\/uploads\/2024\/09\/6-768x432.png 768w, https:\/\/alagan.tech\/wp-content\/uploads\/2024\/09\/6-1536x864.png 1536w, https:\/\/alagan.tech\/wp-content\/uploads\/2024\/09\/6-2048x1152.png 2048w, https:\/\/alagan.tech\/wp-content\/uploads\/2024\/09\/6-18x10.png 18w\" sizes=\"(max-width: 1024px) 100vw, 1024px\" \/>\t\t\t\t\t\t\t\t\t\t\t\t\t\t\t<\/div>\n\t\t\t\t<\/div>\n\t\t\t\t\t<\/div>\n\t\t\t\t<\/div>\n\t\t\t\t<\/div>","protected":false},"excerpt":{"rendered":"<p>Ba\u011flant\u0131l\u0131 Ara\u00e7 Hizmetleri Bulut tabanl\u0131 \u00e7\u00f6z\u00fcm kullan\u0131larak kaza sonras\u0131 t\u00fcm hasar s\u00fcre\u00e7lerinin otomatize edilmesi. Bu sayede, t\u00fcm hasar s\u00fcre\u00e7lerinde maliyet ve zaman a\u00e7\u0131s\u0131ndan %80&#8217;e varan verimlilik art\u0131\u015f\u0131 sa\u011flanmas\u0131. Mevcut ekosistemde, talep s\u00fcrecini etkileyen ve birbirleriyle dijital olarak entegre olmayan bir\u00e7ok akt\u00f6r bulunmaktad\u0131r D\u00fcnya \u00e7ap\u0131nda 30 ki\u015fiye varan talep doland\u0131r\u0131c\u0131l\u0131\u011f\u0131, mutsuz nihai m\u00fc\u015fteri ve verimsiz perakende&#8230;<\/p>","protected":false},"author":1,"featured_media":0,"parent":465,"menu_order":0,"comment_status":"closed","ping_status":"closed","template":"","meta":{"footnotes":""},"class_list":["post-2712","page","type-page","status-publish","hentry"],"_links":{"self":[{"href":"https:\/\/alagan.tech\/en\/wp-json\/wp\/v2\/pages\/2712","targetHints":{"allow":["GET"]}}],"collection":[{"href":"https:\/\/alagan.tech\/en\/wp-json\/wp\/v2\/pages"}],"about":[{"href":"https:\/\/alagan.tech\/en\/wp-json\/wp\/v2\/types\/page"}],"author":[{"embeddable":true,"href":"https:\/\/alagan.tech\/en\/wp-json\/wp\/v2\/users\/1"}],"replies":[{"embeddable":true,"href":"https:\/\/alagan.tech\/en\/wp-json\/wp\/v2\/comments?post=2712"}],"version-history":[{"count":62,"href":"https:\/\/alagan.tech\/en\/wp-json\/wp\/v2\/pages\/2712\/revisions"}],"predecessor-version":[{"id":989026,"href":"https:\/\/alagan.tech\/en\/wp-json\/wp\/v2\/pages\/2712\/revisions\/989026"}],"up":[{"embeddable":true,"href":"https:\/\/alagan.tech\/en\/wp-json\/wp\/v2\/pages\/465"}],"wp:attachment":[{"href":"https:\/\/alagan.tech\/en\/wp-json\/wp\/v2\/media?parent=2712"}],"curies":[{"name":"wp","href":"https:\/\/api.w.org\/{rel}","templated":true}]}}