{"id":989766,"date":"2025-10-20T14:32:04","date_gmt":"2025-10-20T14:32:04","guid":{"rendered":"https:\/\/alagan.tech\/?page_id=989766"},"modified":"2025-10-20T14:35:35","modified_gmt":"2025-10-20T14:35:35","slug":"secil-sendag","status":"publish","type":"page","link":"https:\/\/alagan.tech\/en\/ekibimiz\/secil-sendag\/","title":{"rendered":"Se\u00e7il \u015eenda\u011f"},"content":{"rendered":"<div data-elementor-type=\"wp-page\" data-elementor-id=\"989766\" class=\"elementor elementor-989766\" data-elementor-post-type=\"page\">\n\t\t\t\t\t\t<section class=\"elementor-section elementor-top-section elementor-element elementor-element-282f8016 elementor-section-full_width elementor-section-height-default elementor-section-height-default\" data-id=\"282f8016\" data-element_type=\"section\">\n\t\t\t\t\t\t<div class=\"elementor-container elementor-column-gap-no\">\n\t\t\t\t\t<div class=\"elementor-column elementor-col-100 elementor-top-column elementor-element elementor-element-1d8e7f05\" data-id=\"1d8e7f05\" data-element_type=\"column\">\n\t\t\t<div class=\"elementor-widget-wrap elementor-element-populated\">\n\t\t\t\t\t\t<div class=\"elementor-element elementor-element-58f8d540 elementor-widget elementor-widget-text-editor\" data-id=\"58f8d540\" data-element_type=\"widget\" data-widget_type=\"text-editor.default\">\n\t\t\t\t<div class=\"elementor-widget-container\">\n\t\t\t\t\t\t\t\t\t<p data-start=\"176\" data-end=\"423\">Se\u00e7il \u015eenda\u011f is a social impact &amp; communications consultant with over 25 years of experience. She expands her expertise globally through her consultancy work at Alagan.tech, leveraging her decades of experience.\nShe developed impact-focused communication strategies and implemented them through social capital projects, corporate reputation-focused projects, stakeholder, and media management with her agency.<\/p><p data-start=\"425\" data-end=\"620\">She also has proven success in public awareness within multidisciplinary social impact projects, with significant experience in EU-funded projects and UN Organizations. She has extensive experience as a key communication expert in EU projects in Turkey, such as the City Air Technical Assistance for Improving Air Quality and Raising Public Awareness. Her focus is on social sustainability, sustainability communication on gender, climate action, and migration.<\/p><p data-start=\"622\" data-end=\"1182\">Se\u00e7il \u015eenda\u011f has also extensive experience in sustainable mobility, collaborating with NGOs in both the EU and Turkey to establish thought leaders in this field. She is also a founding board member of the Sustainable Mobility Initiative (SMI), where she actively contributes as a communication expert.<\/p><p data-start=\"1184\" data-end=\"1527\">Se\u00e7il \u015eenda\u011f has in-depth knowledge of gender equality, with the purpose of the social and economic empowerment of women and women-led cooperatives. She\u2019s been working as an external consultant and DE&amp;I consultant with the impact of private sector, civil society, and global entities namely EUD, FAO, and UN Women.<\/p><p data-start=\"1529\" data-end=\"1915\">She imparts her knowledge through engaging training sessions, and impactful speeches for groups and leaders. She regularly speaks at conferences and media outlets on social sustainability, including prestigious platforms such as Horasis Global and Regional Meetings, MEA President Meetings, and DP World\u2019s Global Freight Summit.<\/p><p data-start=\"1917\" data-end=\"2206\">She imparts her knowledge through engaging training sessions, and impactful speeches for groups and leaders. She regularly speaks at conferences and media outlets on social sustainability, including prestigious platforms such as Horasis Global and Regional Meetings, MEA President Meetings, and DP World\u2019s Global Freight Summit.<\/p><p data-start=\"2208\" data-end=\"2332\">\u015eenda\u011f dedicates her time and skills to contribute for an advance society, striving to create a positive social impact.<\/p>\t\t\t\t\t\t\t\t<\/div>\n\t\t\t\t<\/div>\n\t\t\t\t<div class=\"elementor-element elementor-element-2f97e718 elementor-shape-circle elementor-grid-2 e-grid-align-left e-grid-align-mobile-left elementor-widget__width-auto elementor-widget elementor-widget-social-icons\" data-id=\"2f97e718\" data-element_type=\"widget\" data-widget_type=\"social-icons.default\">\n\t\t\t\t<div class=\"elementor-widget-container\">\n\t\t\t\t\t\t\t<div class=\"elementor-social-icons-wrapper elementor-grid\">\n\t\t\t\t\t\t\t<span class=\"elementor-grid-item\">\n\t\t\t\t\t<a class=\"elementor-icon elementor-social-icon elementor-social-icon-linkedin elementor-repeater-item-c7c5b59\" href=\"https:\/\/www.linkedin.com\/in\/ssendag\/\" target=\"_blank\">\n\t\t\t\t\t\t<span class=\"elementor-screen-only\">Linkedin<\/span>\n\t\t\t\t\t\t<i class=\"fab fa-linkedin\"><\/i>\t\t\t\t\t<\/a>\n\t\t\t\t<\/span>\n\t\t\t\t\t<\/div>\n\t\t\t\t\t\t<\/div>\n\t\t\t\t<\/div>\n\t\t\t\t\t<\/div>\n\t\t<\/div>\n\t\t\t\t\t<\/div>\n\t\t<\/section>\n\t\t\t\t<\/div>","protected":false},"excerpt":{"rendered":"<p>Business Partner<\/p>","protected":false},"author":1,"featured_media":989767,"parent":1295,"menu_order":0,"comment_status":"closed","ping_status":"closed","template":"","meta":{"footnotes":""},"class_list":["post-989766","page","type-page","status-publish","has-post-thumbnail","hentry"],"_links":{"self":[{"href":"https:\/\/alagan.tech\/en\/wp-json\/wp\/v2\/pages\/989766","targetHints":{"allow":["GET"]}}],"collection":[{"href":"https:\/\/alagan.tech\/en\/wp-json\/wp\/v2\/pages"}],"about":[{"href":"https:\/\/alagan.tech\/en\/wp-json\/wp\/v2\/types\/page"}],"author":[{"embeddable":true,"href":"https:\/\/alagan.tech\/en\/wp-json\/wp\/v2\/users\/1"}],"replies":[{"embeddable":true,"href":"https:\/\/alagan.tech\/en\/wp-json\/wp\/v2\/comments?post=989766"}],"version-history":[{"count":7,"href":"https:\/\/alagan.tech\/en\/wp-json\/wp\/v2\/pages\/989766\/revisions"}],"predecessor-version":[{"id":989777,"href":"https:\/\/alagan.tech\/en\/wp-json\/wp\/v2\/pages\/989766\/revisions\/989777"}],"up":[{"embeddable":true,"href":"https:\/\/alagan.tech\/en\/wp-json\/wp\/v2\/pages\/1295"}],"wp:featuredmedia":[{"embeddable":true,"href":"https:\/\/alagan.tech\/en\/wp-json\/wp\/v2\/media\/989767"}],"wp:attachment":[{"href":"https:\/\/alagan.tech\/en\/wp-json\/wp\/v2\/media?parent=989766"}],"curies":[{"name":"wp","href":"https:\/\/api.w.org\/{rel}","templated":true}]}}