{"id":3561,"date":"2023-03-25T12:04:53","date_gmt":"2023-03-25T12:04:53","guid":{"rendered":"https:\/\/tecnologia.vamtam.com\/?page_id=3561"},"modified":"2024-09-07T09:10:29","modified_gmt":"2024-09-07T09:10:29","slug":"hakan-dogu","status":"publish","type":"page","link":"https:\/\/alagan.tech\/fr\/ekibimiz\/hakan-dogu\/","title":{"rendered":"Hakan Do\u011fu"},"content":{"rendered":"<div data-elementor-type=\"wp-page\" data-elementor-id=\"3561\" class=\"elementor elementor-3561\" data-elementor-post-type=\"page\">\n\t\t\t\t\t\t<section class=\"elementor-section elementor-top-section elementor-element elementor-element-98228ee elementor-section-full_width elementor-section-height-default elementor-section-height-default\" data-id=\"98228ee\" data-element_type=\"section\">\n\t\t\t\t\t\t<div class=\"elementor-container elementor-column-gap-no\">\n\t\t\t\t\t<div class=\"elementor-column elementor-col-100 elementor-top-column elementor-element elementor-element-6e3447e\" data-id=\"6e3447e\" data-element_type=\"column\">\n\t\t\t<div class=\"elementor-widget-wrap elementor-element-populated\">\n\t\t\t\t\t\t<div class=\"elementor-element elementor-element-5fe169f elementor-widget elementor-widget-text-editor\" data-id=\"5fe169f\" data-element_type=\"widget\" data-widget_type=\"text-editor.default\">\n\t\t\t\t<div class=\"elementor-widget-container\">\n\t\t\t\t\t\t\t\t\t<p>Hakan DO\u011eU, n\u00e9 \u00e0 Bursa en 1966, est citoyen turc et fran\u00e7ais.<\/p><p>Il est dipl\u00f4m\u00e9 de l'Universit\u00e9 Technique d'Istanbul en ing\u00e9nierie des mat\u00e9riaux et de la m\u00e9tallurgie.<\/p><ul><li>Groupe Renault-Nissan-Mitsubishi: Responsable mondial de l'apr\u00e8s-vente<\/li><li>Membre du Conseil d'administration du Groupe Renault PDG de Renault Turquie (Nb2 march\u00e9 de Renault)<\/li><li>Forte expertise en gestion g\u00e9n\u00e9rale (13B USD P&amp;L), MaaS, CaaS, v\u00e9hicules \u00e9lectriques, cha\u00eene d'approvisionnement, march\u00e9 secondaire automobile, ventes et marketing.<\/li><\/ul><p>Actuellement:<\/p><ul><li>Co-fondateur d'Alagan.Tech, d\u00e9veloppant des solutions de mobilit\u00e9 holistiques pour les questions de demain<\/li><li>Expert senior chez Roland Berger<\/li><li>Diverses missions de conseil et membres de conseils<\/li><li>Il vit \u00e0 Istanbul et \u00e0 Paris.<\/li><\/ul>\t\t\t\t\t\t\t\t<\/div>\n\t\t\t\t<\/div>\n\t\t\t\t<div class=\"elementor-element elementor-element-209497a elementor-shape-circle elementor-grid-2 e-grid-align-left e-grid-align-mobile-left elementor-widget__width-initial elementor-widget elementor-widget-social-icons\" data-id=\"209497a\" data-element_type=\"widget\" data-widget_type=\"social-icons.default\">\n\t\t\t\t<div class=\"elementor-widget-container\">\n\t\t\t\t\t\t\t<div class=\"elementor-social-icons-wrapper elementor-grid\">\n\t\t\t\t\t\t\t<span class=\"elementor-grid-item\">\n\t\t\t\t\t<a class=\"elementor-icon elementor-social-icon elementor-social-icon-linkedin elementor-repeater-item-c7c5b59\" href=\"https:\/\/www.linkedin.com\/in\/hakandogu\/?originalSubdomain=fr\" target=\"_blank\">\n\t\t\t\t\t\t<span class=\"elementor-screen-only\">Linkedin<\/span>\n\t\t\t\t\t\t<i class=\"fab fa-linkedin\"><\/i>\t\t\t\t\t<\/a>\n\t\t\t\t<\/span>\n\t\t\t\t\t\t\t<span class=\"elementor-grid-item\">\n\t\t\t\t\t<a class=\"elementor-icon elementor-social-icon elementor-social-icon-x-twitter elementor-repeater-item-1fab34d\" href=\"https:\/\/x.com\/HakanDogu1166\" target=\"_blank\">\n\t\t\t\t\t\t<span class=\"elementor-screen-only\">X-twitter<\/span>\n\t\t\t\t\t\t<i class=\"fab fa-x-twitter\"><\/i>\t\t\t\t\t<\/a>\n\t\t\t\t<\/span>\n\t\t\t\t\t\t\t<span class=\"elementor-grid-item\">\n\t\t\t\t\t<a class=\"elementor-icon elementor-social-icon elementor-social-icon-instagram elementor-repeater-item-894c819\" href=\"https:\/\/www.instagram.com\/hakandogu1166\/\" target=\"_blank\">\n\t\t\t\t\t\t<span class=\"elementor-screen-only\">Instagram<\/span>\n\t\t\t\t\t\t<i class=\"fab fa-instagram\"><\/i>\t\t\t\t\t<\/a>\n\t\t\t\t<\/span>\n\t\t\t\t\t<\/div>\n\t\t\t\t\t\t<\/div>\n\t\t\t\t<\/div>\n\t\t\t\t\t<\/div>\n\t\t<\/div>\n\t\t\t\t\t<\/div>\n\t\t<\/section>\n\t\t\t\t<\/div>","protected":false},"excerpt":{"rendered":"<p>Pr\u00e9sident<\/p>","protected":false},"author":1,"featured_media":987741,"parent":1295,"menu_order":0,"comment_status":"closed","ping_status":"closed","template":"","meta":{"footnotes":""},"class_list":["post-3561","page","type-page","status-publish","has-post-thumbnail","hentry"],"_links":{"self":[{"href":"https:\/\/alagan.tech\/fr\/wp-json\/wp\/v2\/pages\/3561","targetHints":{"allow":["GET"]}}],"collection":[{"href":"https:\/\/alagan.tech\/fr\/wp-json\/wp\/v2\/pages"}],"about":[{"href":"https:\/\/alagan.tech\/fr\/wp-json\/wp\/v2\/types\/page"}],"author":[{"embeddable":true,"href":"https:\/\/alagan.tech\/fr\/wp-json\/wp\/v2\/users\/1"}],"replies":[{"embeddable":true,"href":"https:\/\/alagan.tech\/fr\/wp-json\/wp\/v2\/comments?post=3561"}],"version-history":[{"count":11,"href":"https:\/\/alagan.tech\/fr\/wp-json\/wp\/v2\/pages\/3561\/revisions"}],"predecessor-version":[{"id":989566,"href":"https:\/\/alagan.tech\/fr\/wp-json\/wp\/v2\/pages\/3561\/revisions\/989566"}],"up":[{"embeddable":true,"href":"https:\/\/alagan.tech\/fr\/wp-json\/wp\/v2\/pages\/1295"}],"wp:featuredmedia":[{"embeddable":true,"href":"https:\/\/alagan.tech\/fr\/wp-json\/wp\/v2\/media\/987741"}],"wp:attachment":[{"href":"https:\/\/alagan.tech\/fr\/wp-json\/wp\/v2\/media?parent=3561"}],"curies":[{"name":"wp","href":"https:\/\/api.w.org\/{rel}","templated":true}]}}