{"id":7177,"date":"2023-04-03T13:01:16","date_gmt":"2023-04-03T13:01:16","guid":{"rendered":"https:\/\/tecnologia.vamtam.com\/?page_id=7177"},"modified":"2024-09-04T13:00:43","modified_gmt":"2024-09-04T13:00:43","slug":"i-sticker","status":"publish","type":"page","link":"https:\/\/alagan.tech\/fr\/cihazlar\/i-sticker\/","title":{"rendered":"i-Sticker"},"content":{"rendered":"<div data-elementor-type=\"wp-page\" data-elementor-id=\"7177\" class=\"elementor elementor-7177\" data-elementor-post-type=\"page\">\n\t\t\t\t\t\t<section class=\"elementor-section elementor-top-section elementor-element elementor-element-7e11a42f elementor-section-items-stretch elementor-section-content-bottom elementor-section-height-min-height elementor-section-boxed elementor-section-height-default\" data-id=\"7e11a42f\" data-element_type=\"section\" data-settings=\"{&quot;background_background&quot;:&quot;classic&quot;}\">\n\t\t\t\t\t\t<div class=\"elementor-container elementor-column-gap-no\">\n\t\t\t\t\t<div class=\"elementor-column elementor-col-50 elementor-top-column elementor-element elementor-element-6de2ce76 elementor-invisible\" data-id=\"6de2ce76\" data-element_type=\"column\" data-settings=\"{&quot;motion_fx_motion_fx_mouse&quot;:&quot;yes&quot;,&quot;animation&quot;:&quot;fadeIn&quot;}\">\n\t\t\t<div class=\"elementor-widget-wrap elementor-element-populated\">\n\t\t\t\t\t\t<div class=\"elementor-element elementor-element-1902bdcd elementor-widget-mobile__width-inherit elementor-widget elementor-widget-heading\" data-id=\"1902bdcd\" data-element_type=\"widget\" data-widget_type=\"heading.default\">\n\t\t\t\t<div class=\"elementor-widget-container\">\n\t\t\t\t\t<h2 class=\"elementor-heading-title elementor-size-default\">D\u00e9couvrez la Solution du Futur en T\u00e9l\u00e9matique V\u00e9hicule<\/h2>\t\t\t\t<\/div>\n\t\t\t\t<\/div>\n\t\t\t\t<div class=\"elementor-element elementor-element-4da12688 elementor-widget-mobile__width-inherit elementor-widget elementor-widget-text-editor\" data-id=\"4da12688\" data-element_type=\"widget\" data-widget_type=\"text-editor.default\">\n\t\t\t\t<div class=\"elementor-widget-container\">\n\t\t\t\t\t\t\t\t\t<p>Pr\u00e9sentation de la t\u00e9l\u00e9matique IoT de nouvelle g\u00e9n\u00e9ration, con\u00e7ue pour r\u00e9pondre \u00e0 tous vos besoins en mati\u00e8re de suivi et de gestion des v\u00e9hicules avec une solution compl\u00e8te.<\/p>\t\t\t\t\t\t\t\t<\/div>\n\t\t\t\t<\/div>\n\t\t\t\t<div class=\"elementor-element elementor-element-7c733d1 elementor-widget__width-initial elementor-widget-mobile__width-inherit elementor-icon-list--layout-traditional elementor-list-item-link-full_width elementor-widget elementor-widget-icon-list\" data-id=\"7c733d1\" data-element_type=\"widget\" data-widget_type=\"icon-list.default\">\n\t\t\t\t<div class=\"elementor-widget-container\">\n\t\t\t\t\t\t\t<ul class=\"elementor-icon-list-items\">\n\t\t\t\t\t\t\t<li class=\"elementor-icon-list-item\">\n\t\t\t\t\t\t\t\t\t\t\t<span class=\"elementor-icon-list-icon\">\n\t\t\t\t\t\t\t<i aria-hidden=\"true\" class=\"vamtamtheme- vamtam-theme-check-box\"><\/i>\t\t\t\t\t\t<\/span>\n\t\t\t\t\t\t\t\t\t\t<span class=\"elementor-icon-list-text\">Aucune Installation N\u00e9cessaire<\/span>\n\t\t\t\t\t\t\t\t\t<\/li>\n\t\t\t\t\t\t\t\t<li class=\"elementor-icon-list-item\">\n\t\t\t\t\t\t\t\t\t\t\t<span class=\"elementor-icon-list-icon\">\n\t\t\t\t\t\t\t<i aria-hidden=\"true\" class=\"vamtamtheme- vamtam-theme-check-box\"><\/i>\t\t\t\t\t\t<\/span>\n\t\t\t\t\t\t\t\t\t\t<span class=\"elementor-icon-list-text\">Aliment\u00e9 par \u00c9nergie Solaire<\/span>\n\t\t\t\t\t\t\t\t\t<\/li>\n\t\t\t\t\t\t\t\t<li class=\"elementor-icon-list-item\">\n\t\t\t\t\t\t\t\t\t\t\t<span class=\"elementor-icon-list-icon\">\n\t\t\t\t\t\t\t<i aria-hidden=\"true\" class=\"vamtamtheme- vamtam-theme-check-box\"><\/i>\t\t\t\t\t\t<\/span>\n\t\t\t\t\t\t\t\t\t\t<span class=\"elementor-icon-list-text\">Prix Bas<\/span>\n\t\t\t\t\t\t\t\t\t<\/li>\n\t\t\t\t\t\t\t\t<li class=\"elementor-icon-list-item\">\n\t\t\t\t\t\t\t\t\t\t\t<span class=\"elementor-icon-list-icon\">\n\t\t\t\t\t\t\t<i aria-hidden=\"true\" class=\"vamtamtheme- vamtam-theme-check-box\"><\/i>\t\t\t\t\t\t<\/span>\n\t\t\t\t\t\t\t\t\t\t<span class=\"elementor-icon-list-text\">\u00c0 l'\u00c9preuve des Alt\u00e9rations<\/span>\n\t\t\t\t\t\t\t\t\t<\/li>\n\t\t\t\t\t\t<\/ul>\n\t\t\t\t\t\t<\/div>\n\t\t\t\t<\/div>\n\t\t\t\t\t<\/div>\n\t\t<\/div>\n\t\t\t\t<div class=\"elementor-column elementor-col-50 elementor-top-column elementor-element elementor-element-24226e44 elementor-invisible\" data-id=\"24226e44\" data-element_type=\"column\" data-settings=\"{&quot;background_background&quot;:&quot;classic&quot;,&quot;background_motion_fx_motion_fx_scrolling&quot;:&quot;yes&quot;,&quot;motion_fx_motion_fx_mouse&quot;:&quot;yes&quot;,&quot;motion_fx_tilt_effect&quot;:&quot;yes&quot;,&quot;motion_fx_tilt_speed&quot;:{&quot;unit&quot;:&quot;px&quot;,&quot;size&quot;:3.8,&quot;sizes&quot;:[]},&quot;animation&quot;:&quot;fadeIn&quot;,&quot;background_motion_fx_devices&quot;:[&quot;desktop&quot;,&quot;tablet&quot;,&quot;mobile&quot;]}\">\n\t\t\t<div class=\"elementor-widget-wrap elementor-element-populated\">\n\t\t\t\t\t\t<div class=\"elementor-element elementor-element-5b289459 elementor-widget elementor-widget-spacer\" data-id=\"5b289459\" data-element_type=\"widget\" data-widget_type=\"spacer.default\">\n\t\t\t\t<div class=\"elementor-widget-container\">\n\t\t\t\t\t\t\t<div class=\"elementor-spacer\">\n\t\t\t<div class=\"elementor-spacer-inner\"><\/div>\n\t\t<\/div>\n\t\t\t\t\t\t<\/div>\n\t\t\t\t<\/div>\n\t\t\t\t\t<\/div>\n\t\t<\/div>\n\t\t\t\t\t<\/div>\n\t\t<\/section>\n\t\t<div class=\"elementor-element elementor-element-c7d8581 e-flex e-con-boxed e-con e-parent\" data-id=\"c7d8581\" data-element_type=\"container\">\n\t\t\t\t\t<div class=\"e-con-inner\">\n\t\t\t\t<div class=\"elementor-element elementor-element-4e2f4f4 elementor-widget elementor-widget-image\" data-id=\"4e2f4f4\" data-element_type=\"widget\" data-widget_type=\"image.default\">\n\t\t\t\t<div class=\"elementor-widget-container\">\n\t\t\t\t\t\t\t\t\t\t\t\t\t\t\t<img fetchpriority=\"high\" decoding=\"async\" width=\"1024\" height=\"203\" src=\"https:\/\/alagan.tech\/wp-content\/uploads\/2024\/08\/Calisma-Yuzeyi-3-kopya.png\" class=\"attachment-large size-large wp-image-987917\" alt=\"\" srcset=\"https:\/\/alagan.tech\/wp-content\/uploads\/2024\/08\/Calisma-Yuzeyi-3-kopya.png 1657w, https:\/\/alagan.tech\/wp-content\/uploads\/2024\/08\/Calisma-Yuzeyi-3-kopya-300x59.png 300w, https:\/\/alagan.tech\/wp-content\/uploads\/2024\/08\/Calisma-Yuzeyi-3-kopya-1024x202.png 1024w, https:\/\/alagan.tech\/wp-content\/uploads\/2024\/08\/Calisma-Yuzeyi-3-kopya-768x152.png 768w, https:\/\/alagan.tech\/wp-content\/uploads\/2024\/08\/Calisma-Yuzeyi-3-kopya-1536x303.png 1536w, https:\/\/alagan.tech\/wp-content\/uploads\/2024\/08\/Calisma-Yuzeyi-3-kopya-18x4.png 18w\" sizes=\"(max-width: 1024px) 100vw, 1024px\" \/>\t\t\t\t\t\t\t\t\t\t\t\t\t\t\t<\/div>\n\t\t\t\t<\/div>\n\t\t\t\t\t<\/div>\n\t\t\t\t<\/div>\n\t\t<div class=\"elementor-element elementor-element-8c16379 e-flex e-con-boxed e-con e-parent\" data-id=\"8c16379\" data-element_type=\"container\">\n\t\t\t\t\t<div class=\"e-con-inner\">\n\t\t\t\t<div class=\"elementor-element elementor-element-cd3a62f elementor-widget elementor-widget-heading\" data-id=\"cd3a62f\" data-element_type=\"widget\" data-widget_type=\"heading.default\">\n\t\t\t\t<div class=\"elementor-widget-container\">\n\t\t\t\t\t<h3 class=\"elementor-heading-title elementor-size-default\">Le c\u0153ur de la plateforme : Dispositif IoT intelligent, abordable et facile \u00e0 installer<\/h3>\t\t\t\t<\/div>\n\t\t\t\t<\/div>\n\t\t\t\t\t<\/div>\n\t\t\t\t<\/div>\n\t\t<div class=\"elementor-element elementor-element-5c9fdc2 e-flex e-con-boxed e-con e-parent\" data-id=\"5c9fdc2\" data-element_type=\"container\">\n\t\t\t\t\t<div class=\"e-con-inner\">\n\t\t\t\t<div class=\"elementor-element elementor-element-7e155fa elementor-widget elementor-widget-text-editor\" data-id=\"7e155fa\" data-element_type=\"widget\" data-widget_type=\"text-editor.default\">\n\t\t\t\t<div class=\"elementor-widget-container\">\n\t\t\t\t\t\t\t\t\t<p>D\u00e9couvrez notre appareil IoT intelligent et abordable \"Stick&amp;Go\", \u00e9quip\u00e9 d'une technologie brevet\u00e9e en instance qui fournit des donn\u00e9es essentielles sur la dynamique du v\u00e9hicule et le comportement du conducteur via divers capteurs, tout en minimisant l'utilisation du GPS pour le suivi de localisation.<\/p><p>D\u00e9couvrez la puissance de l'innovation et de la technologie avanc\u00e9e dans la t\u00e9l\u00e9matique des v\u00e9hicules. Rejoignez-nous pour une exp\u00e9rience de conduite s\u00fbre, efficace et inform\u00e9e.<\/p>\t\t\t\t\t\t\t\t<\/div>\n\t\t\t\t<\/div>\n\t\t\t\t\t<\/div>\n\t\t\t\t<\/div>\n\t\t<div class=\"elementor-element elementor-element-058ef91 e-flex e-con-boxed e-con e-parent\" data-id=\"058ef91\" data-element_type=\"container\">\n\t\t\t\t\t<div class=\"e-con-inner\">\n\t\t<div class=\"elementor-element elementor-element-072c25a e-con-full e-flex e-con e-child\" data-id=\"072c25a\" data-element_type=\"container\" data-settings=\"{&quot;motion_fx_motion_fx_scrolling&quot;:&quot;yes&quot;,&quot;motion_fx_translateX_effect&quot;:&quot;yes&quot;,&quot;motion_fx_translateX_direction&quot;:&quot;negative&quot;,&quot;motion_fx_translateX_speed&quot;:{&quot;unit&quot;:&quot;px&quot;,&quot;size&quot;:5,&quot;sizes&quot;:[]},&quot;motion_fx_translateX_affectedRange&quot;:{&quot;unit&quot;:&quot;%&quot;,&quot;size&quot;:&quot;&quot;,&quot;sizes&quot;:{&quot;start&quot;:0,&quot;end&quot;:50}},&quot;motion_fx_devices&quot;:[&quot;desktop&quot;,&quot;tablet&quot;,&quot;mobile&quot;]}\">\n\t\t\t\t<div class=\"elementor-element elementor-element-01a7d60 elementor-widget elementor-widget-image\" data-id=\"01a7d60\" data-element_type=\"widget\" data-settings=\"{&quot;motion_fx_motion_fx_scrolling&quot;:&quot;yes&quot;,&quot;motion_fx_devices&quot;:[&quot;desktop&quot;,&quot;tablet&quot;,&quot;mobile&quot;]}\" data-widget_type=\"image.default\">\n\t\t\t\t<div class=\"elementor-widget-container\">\n\t\t\t\t\t\t\t\t\t\t\t\t\t\t\t<img decoding=\"async\" width=\"532\" height=\"273\" src=\"https:\/\/alagan.tech\/wp-content\/uploads\/2024\/07\/CloudWise_how-it-works_LIGHT-7.png\" class=\"attachment-large size-large wp-image-987921\" alt=\"\" srcset=\"https:\/\/alagan.tech\/wp-content\/uploads\/2024\/07\/CloudWise_how-it-works_LIGHT-7.png 532w, https:\/\/alagan.tech\/wp-content\/uploads\/2024\/07\/CloudWise_how-it-works_LIGHT-7-300x154.png 300w\" sizes=\"(max-width: 532px) 100vw, 532px\" \/>\t\t\t\t\t\t\t\t\t\t\t\t\t\t\t<\/div>\n\t\t\t\t<\/div>\n\t\t\t\t<div class=\"elementor-element elementor-element-98daf33 elementor-widget elementor-widget-heading\" data-id=\"98daf33\" data-element_type=\"widget\" data-widget_type=\"heading.default\">\n\t\t\t\t<div class=\"elementor-widget-container\">\n\t\t\t\t\t<h4 class=\"elementor-heading-title elementor-size-default\">LIGHT<\/h4>\t\t\t\t<\/div>\n\t\t\t\t<\/div>\n\t\t\t\t<div class=\"elementor-element elementor-element-a730d5b elementor-widget elementor-widget-text-editor\" data-id=\"a730d5b\" data-element_type=\"widget\" data-widget_type=\"text-editor.default\">\n\t\t\t\t<div class=\"elementor-widget-container\">\n\t\t\t\t\t\t\t\t\t<p>Une version basique et peu co\u00fbteuse connect\u00e9e au cloud via une application compatible Bluetooth.<\/p>\t\t\t\t\t\t\t\t<\/div>\n\t\t\t\t<\/div>\n\t\t\t\t<\/div>\n\t\t<div class=\"elementor-element elementor-element-24a65c3 e-con-full e-flex e-con e-child\" data-id=\"24a65c3\" data-element_type=\"container\" data-settings=\"{&quot;motion_fx_motion_fx_scrolling&quot;:&quot;yes&quot;,&quot;motion_fx_translateY_effect&quot;:&quot;yes&quot;,&quot;motion_fx_translateY_speed&quot;:{&quot;unit&quot;:&quot;px&quot;,&quot;size&quot;:5.1,&quot;sizes&quot;:[]},&quot;motion_fx_translateY_affectedRange&quot;:{&quot;unit&quot;:&quot;%&quot;,&quot;size&quot;:&quot;&quot;,&quot;sizes&quot;:{&quot;start&quot;:0,&quot;end&quot;:53}},&quot;motion_fx_devices&quot;:[&quot;desktop&quot;,&quot;tablet&quot;,&quot;mobile&quot;]}\">\n\t\t\t\t<div class=\"elementor-element elementor-element-17e87f2 elementor-widget elementor-widget-image\" data-id=\"17e87f2\" data-element_type=\"widget\" data-widget_type=\"image.default\">\n\t\t\t\t<div class=\"elementor-widget-container\">\n\t\t\t\t\t\t\t\t\t\t\t\t\t\t\t<img decoding=\"async\" width=\"640\" height=\"371\" src=\"https:\/\/alagan.tech\/wp-content\/uploads\/2024\/07\/WhatsApp-Image-2020-04-06-at-19.05.12.jpeg\" class=\"attachment-large size-large wp-image-987923\" alt=\"\" srcset=\"https:\/\/alagan.tech\/wp-content\/uploads\/2024\/07\/WhatsApp-Image-2020-04-06-at-19.05.12.jpeg 640w, https:\/\/alagan.tech\/wp-content\/uploads\/2024\/07\/WhatsApp-Image-2020-04-06-at-19.05.12-300x174.jpeg 300w\" sizes=\"(max-width: 640px) 100vw, 640px\" \/>\t\t\t\t\t\t\t\t\t\t\t\t\t\t\t<\/div>\n\t\t\t\t<\/div>\n\t\t\t\t<div class=\"elementor-element elementor-element-c27c9ef elementor-widget elementor-widget-heading\" data-id=\"c27c9ef\" data-element_type=\"widget\" data-widget_type=\"heading.default\">\n\t\t\t\t<div class=\"elementor-widget-container\">\n\t\t\t\t\t<h4 class=\"elementor-heading-title elementor-size-default\">UNIVERSAL<\/h4>\t\t\t\t<\/div>\n\t\t\t\t<\/div>\n\t\t\t\t<div class=\"elementor-element elementor-element-9dd8584 elementor-widget elementor-widget-text-editor\" data-id=\"9dd8584\" data-element_type=\"widget\" data-widget_type=\"text-editor.default\">\n\t\t\t\t<div class=\"elementor-widget-container\">\n\t\t\t\t\t\t\t\t\t<p>Une version standard avec GPS int\u00e9gr\u00e9 pour un suivi de localisation plus pr\u00e9cis.<\/p>\t\t\t\t\t\t\t\t<\/div>\n\t\t\t\t<\/div>\n\t\t\t\t<\/div>\n\t\t<div class=\"elementor-element elementor-element-ee1abab e-con-full e-flex e-con e-child\" data-id=\"ee1abab\" data-element_type=\"container\" data-settings=\"{&quot;motion_fx_motion_fx_scrolling&quot;:&quot;yes&quot;,&quot;motion_fx_translateX_effect&quot;:&quot;yes&quot;,&quot;motion_fx_translateX_speed&quot;:{&quot;unit&quot;:&quot;px&quot;,&quot;size&quot;:5.2,&quot;sizes&quot;:[]},&quot;motion_fx_translateX_affectedRange&quot;:{&quot;unit&quot;:&quot;%&quot;,&quot;size&quot;:&quot;&quot;,&quot;sizes&quot;:{&quot;start&quot;:0,&quot;end&quot;:51}},&quot;motion_fx_devices&quot;:[&quot;desktop&quot;,&quot;tablet&quot;,&quot;mobile&quot;]}\">\n\t\t\t\t<div class=\"elementor-element elementor-element-7663884 elementor-widget elementor-widget-image\" data-id=\"7663884\" data-element_type=\"widget\" data-widget_type=\"image.default\">\n\t\t\t\t<div class=\"elementor-widget-container\">\n\t\t\t\t\t\t\t\t\t\t\t\t\t\t\t<img decoding=\"async\" width=\"640\" height=\"371\" src=\"https:\/\/alagan.tech\/wp-content\/uploads\/2024\/07\/WhatsApp-Image-2020-04-06-at-19.05.12.jpeg\" class=\"attachment-large size-large wp-image-987923\" alt=\"\" srcset=\"https:\/\/alagan.tech\/wp-content\/uploads\/2024\/07\/WhatsApp-Image-2020-04-06-at-19.05.12.jpeg 640w, https:\/\/alagan.tech\/wp-content\/uploads\/2024\/07\/WhatsApp-Image-2020-04-06-at-19.05.12-300x174.jpeg 300w\" sizes=\"(max-width: 640px) 100vw, 640px\" \/>\t\t\t\t\t\t\t\t\t\t\t\t\t\t\t<\/div>\n\t\t\t\t<\/div>\n\t\t\t\t<div class=\"elementor-element elementor-element-5b198b8 elementor-widget elementor-widget-heading\" data-id=\"5b198b8\" data-element_type=\"widget\" data-widget_type=\"heading.default\">\n\t\t\t\t<div class=\"elementor-widget-container\">\n\t\t\t\t\t<h4 class=\"elementor-heading-title elementor-size-default\">PRO<\/h4>\t\t\t\t<\/div>\n\t\t\t\t<\/div>\n\t\t\t\t<div class=\"elementor-element elementor-element-723e64b elementor-widget elementor-widget-text-editor\" data-id=\"723e64b\" data-element_type=\"widget\" data-widget_type=\"text-editor.default\">\n\t\t\t\t<div class=\"elementor-widget-container\">\n\t\t\t\t\t\t\t\t\t<p>Notre version ultime avec un modem int\u00e9gr\u00e9 offrant une connectivit\u00e9 cloud totalement ind\u00e9pendante.<\/p>\t\t\t\t\t\t\t\t<\/div>\n\t\t\t\t<\/div>\n\t\t\t\t<\/div>\n\t\t\t\t\t<\/div>\n\t\t\t\t<\/div>\n\t\t<div class=\"elementor-element elementor-element-7bb9475 animated-slow e-flex e-con-boxed elementor-invisible e-con e-parent\" data-id=\"7bb9475\" data-element_type=\"container\" data-settings=\"{&quot;animation&quot;:&quot;fadeInRight&quot;}\">\n\t\t\t\t\t<div class=\"e-con-inner\">\n\t\t<div class=\"elementor-element elementor-element-18c2765 e-con-full e-flex e-con e-child\" data-id=\"18c2765\" data-element_type=\"container\">\n\t\t\t\t<div class=\"elementor-element elementor-element-06cd6cc elementor-widget elementor-widget-image\" data-id=\"06cd6cc\" data-element_type=\"widget\" data-widget_type=\"image.default\">\n\t\t\t\t<div class=\"elementor-widget-container\">\n\t\t\t\t\t\t\t\t\t\t\t\t\t\t\t<img loading=\"lazy\" decoding=\"async\" width=\"800\" height=\"840\" src=\"https:\/\/alagan.tech\/wp-content\/uploads\/2024\/07\/1.gif\" class=\"attachment-large size-large wp-image-988194\" alt=\"\" \/>\t\t\t\t\t\t\t\t\t\t\t\t\t\t\t<\/div>\n\t\t\t\t<\/div>\n\t\t\t\t<\/div>\n\t\t<div class=\"elementor-element elementor-element-1694cae e-con-full e-flex e-con e-child\" data-id=\"1694cae\" data-element_type=\"container\">\n\t\t\t\t<div class=\"elementor-element elementor-element-72745ec elementor-widget elementor-widget-heading\" data-id=\"72745ec\" data-element_type=\"widget\" data-widget_type=\"heading.default\">\n\t\t\t\t<div class=\"elementor-widget-container\">\n\t\t\t\t\t<h3 class=\"elementor-heading-title elementor-size-default\">Analyse de Donn\u00e9es en Temps R\u00e9el<\/h3>\t\t\t\t<\/div>\n\t\t\t\t<\/div>\n\t\t\t\t<div class=\"elementor-element elementor-element-9edd995 elementor-widget elementor-widget-text-editor\" data-id=\"9edd995\" data-element_type=\"widget\" data-widget_type=\"text-editor.default\">\n\t\t\t\t<div class=\"elementor-widget-container\">\n\t\t\t\t\t\t\t\t\t<p>Exploitez les donn\u00e9es en temps r\u00e9el gr\u00e2ce \u00e0 la puissance de notre syst\u00e8me logiciel. Surveillez le comportement du conducteur, la localisation, et plus encore. Il permet des services personnalis\u00e9s pour les conducteurs.<\/p><p>Notre syst\u00e8me logiciel innovant et le dispositif r\u00e9volutionnaire I-Sticker permettent aux constructeurs automobiles et aux compagnies d'assurance d'offrir une large gamme de services et de transformer notre exp\u00e9rience de conduite.<\/p>\t\t\t\t\t\t\t\t<\/div>\n\t\t\t\t<\/div>\n\t\t\t\t<\/div>\n\t\t\t\t\t<\/div>\n\t\t\t\t<\/div>\n\t\t<div class=\"elementor-element elementor-element-811421f animated-slow e-flex e-con-boxed elementor-invisible e-con e-parent\" data-id=\"811421f\" data-element_type=\"container\" data-settings=\"{&quot;animation&quot;:&quot;fadeInLeft&quot;}\">\n\t\t\t\t\t<div class=\"e-con-inner\">\n\t\t<div class=\"elementor-element elementor-element-3888a0e e-con-full e-flex e-con e-child\" data-id=\"3888a0e\" data-element_type=\"container\">\n\t\t\t\t<div class=\"elementor-element elementor-element-46a77e3 elementor-widget elementor-widget-heading\" data-id=\"46a77e3\" data-element_type=\"widget\" data-widget_type=\"heading.default\">\n\t\t\t\t<div class=\"elementor-widget-container\">\n\t\t\t\t\t<h3 class=\"elementor-heading-title elementor-size-default\">I-Sticker est le seul dispositif t\u00e9l\u00e9matique qui ne n\u00e9cessite aucune installation.<\/h3>\t\t\t\t<\/div>\n\t\t\t\t<\/div>\n\t\t\t\t<div class=\"elementor-element elementor-element-40512b1 elementor-widget elementor-widget-text-editor\" data-id=\"40512b1\" data-element_type=\"widget\" data-widget_type=\"text-editor.default\">\n\t\t\t\t<div class=\"elementor-widget-container\">\n\t\t\t\t\t\t\t\t\t<p>Aucune connexion filaire ou connexion OBDII n'est n\u00e9cessaire. C'est un petit dispositif plat, l\u00e9ger, qui se colle au pare-brise avec des tampons adh\u00e9sifs 3M\u00ae r\u00e9sistants \u00e0 la chaleur et au froid. C\u2019est aussi simple que cela !<\/p><p>La nouvelle g\u00e9n\u00e9ration de t\u00e9l\u00e9matique Internet des Objets (IoT). Avec le concept \"Stick&amp;Go\", c'est un appareil IoT intelligent et abordable \u00e0 capteurs multiples. Il dispose d'une technologie brevet\u00e9e pour une utilisation minimale du GPS et fournit toutes les donn\u00e9es n\u00e9cessaires sur la dynamique du v\u00e9hicule et le comportement du conducteur via divers capteurs.<\/p>\t\t\t\t\t\t\t\t<\/div>\n\t\t\t\t<\/div>\n\t\t\t\t<\/div>\n\t\t<div class=\"elementor-element elementor-element-296655d e-con-full e-flex e-con e-child\" data-id=\"296655d\" data-element_type=\"container\">\n\t\t\t\t<div class=\"elementor-element elementor-element-67a62d9 elementor-widget elementor-widget-image\" data-id=\"67a62d9\" data-element_type=\"widget\" data-widget_type=\"image.default\">\n\t\t\t\t<div class=\"elementor-widget-container\">\n\t\t\t\t\t\t\t\t\t\t\t\t\t\t\t<img loading=\"lazy\" decoding=\"async\" width=\"800\" height=\"840\" src=\"https:\/\/alagan.tech\/wp-content\/uploads\/2024\/07\/2.gif\" class=\"attachment-large size-large wp-image-988195\" alt=\"\" \/>\t\t\t\t\t\t\t\t\t\t\t\t\t\t\t<\/div>\n\t\t\t\t<\/div>\n\t\t\t\t<\/div>\n\t\t\t\t\t<\/div>\n\t\t\t\t<\/div>\n\t\t<div class=\"elementor-element elementor-element-c908e16 e-flex e-con-boxed e-con e-parent\" data-id=\"c908e16\" data-element_type=\"container\">\n\t\t\t\t\t<div class=\"e-con-inner\">\n\t\t\t\t\t<\/div>\n\t\t\t\t<\/div>\n\t\t\t\t<\/div>","protected":false},"excerpt":{"rendered":"<p>Insightful and reliable manufacturer IT services for productive and effective business<\/p>","protected":false},"author":1,"featured_media":7793,"parent":1281,"menu_order":0,"comment_status":"closed","ping_status":"closed","template":"elementor_header_footer","meta":{"footnotes":""},"class_list":["post-7177","page","type-page","status-publish","has-post-thumbnail","hentry"],"_links":{"self":[{"href":"https:\/\/alagan.tech\/fr\/wp-json\/wp\/v2\/pages\/7177","targetHints":{"allow":["GET"]}}],"collection":[{"href":"https:\/\/alagan.tech\/fr\/wp-json\/wp\/v2\/pages"}],"about":[{"href":"https:\/\/alagan.tech\/fr\/wp-json\/wp\/v2\/types\/page"}],"author":[{"embeddable":true,"href":"https:\/\/alagan.tech\/fr\/wp-json\/wp\/v2\/users\/1"}],"replies":[{"embeddable":true,"href":"https:\/\/alagan.tech\/fr\/wp-json\/wp\/v2\/comments?post=7177"}],"version-history":[{"count":70,"href":"https:\/\/alagan.tech\/fr\/wp-json\/wp\/v2\/pages\/7177\/revisions"}],"predecessor-version":[{"id":988865,"href":"https:\/\/alagan.tech\/fr\/wp-json\/wp\/v2\/pages\/7177\/revisions\/988865"}],"up":[{"embeddable":true,"href":"https:\/\/alagan.tech\/fr\/wp-json\/wp\/v2\/pages\/1281"}],"wp:featuredmedia":[{"embeddable":true,"href":"https:\/\/alagan.tech\/fr\/wp-json\/wp\/v2\/media\/7793"}],"wp:attachment":[{"href":"https:\/\/alagan.tech\/fr\/wp-json\/wp\/v2\/media?parent=7177"}],"curies":[{"name":"wp","href":"https:\/\/api.w.org\/{rel}","templated":true}]}}