{"id":988703,"date":"2024-08-29T06:55:54","date_gmt":"2024-08-29T06:55:54","guid":{"rendered":"https:\/\/alagan.tech\/?page_id=988703"},"modified":"2024-09-03T22:01:15","modified_gmt":"2024-09-03T22:01:15","slug":"ender-ertugral","status":"publish","type":"page","link":"https:\/\/alagan.tech\/fr\/ekibimiz\/ender-ertugral\/","title":{"rendered":"Ender Ertu\u011fral"},"content":{"rendered":"<div data-elementor-type=\"wp-page\" data-elementor-id=\"988703\" class=\"elementor elementor-988703\" data-elementor-post-type=\"page\">\n\t\t\t\t\t\t<section class=\"elementor-section elementor-top-section elementor-element elementor-element-282f8016 elementor-section-full_width elementor-section-height-default elementor-section-height-default\" data-id=\"282f8016\" data-element_type=\"section\">\n\t\t\t\t\t\t<div class=\"elementor-container elementor-column-gap-no\">\n\t\t\t\t\t<div class=\"elementor-column elementor-col-100 elementor-top-column elementor-element elementor-element-1d8e7f05\" data-id=\"1d8e7f05\" data-element_type=\"column\">\n\t\t\t<div class=\"elementor-widget-wrap elementor-element-populated\">\n\t\t\t\t\t\t<div class=\"elementor-element elementor-element-58f8d540 elementor-widget elementor-widget-text-editor\" data-id=\"58f8d540\" data-element_type=\"widget\" data-widget_type=\"text-editor.default\">\n\t\t\t\t<div class=\"elementor-widget-container\">\n\t\t\t\t\t\t\t\t\t<p style=\"font-style: normal; font-variant-caps: normal; caret-color: #000000; color: #000000;\">Il a plus de 20 ans d'exp\u00e9rience dans le secteur de l'assurance locale et internationale. Il a acquis de l'exp\u00e9rience dans les op\u00e9rations, l'exp\u00e9rience client et la gestion de l'innovation et s'est sp\u00e9cialis\u00e9 dans les \u00e9cosyst\u00e8mes Fintech et Insurtech.<\/p>\t\t\t\t\t\t\t\t<\/div>\n\t\t\t\t<\/div>\n\t\t\t\t<div class=\"elementor-element elementor-element-2f97e718 elementor-shape-circle elementor-grid-2 e-grid-align-left e-grid-align-mobile-left elementor-widget__width-auto elementor-widget elementor-widget-social-icons\" data-id=\"2f97e718\" data-element_type=\"widget\" data-widget_type=\"social-icons.default\">\n\t\t\t\t<div class=\"elementor-widget-container\">\n\t\t\t\t\t\t\t<div class=\"elementor-social-icons-wrapper elementor-grid\">\n\t\t\t\t\t\t\t<span class=\"elementor-grid-item\">\n\t\t\t\t\t<a class=\"elementor-icon elementor-social-icon elementor-social-icon-linkedin elementor-repeater-item-c7c5b59\" href=\"https:\/\/www.linkedin.com\/in\/jean-claude-petit-06829b13\/\" target=\"_blank\">\n\t\t\t\t\t\t<span class=\"elementor-screen-only\">Linkedin<\/span>\n\t\t\t\t\t\t<i class=\"fab fa-linkedin\"><\/i>\t\t\t\t\t<\/a>\n\t\t\t\t<\/span>\n\t\t\t\t\t<\/div>\n\t\t\t\t\t\t<\/div>\n\t\t\t\t<\/div>\n\t\t\t\t\t<\/div>\n\t\t<\/div>\n\t\t\t\t\t<\/div>\n\t\t<\/section>\n\t\t\t\t<\/div>","protected":false},"excerpt":{"rendered":"<p>Partenaire Commercial<\/p>","protected":false},"author":1,"featured_media":988704,"parent":1295,"menu_order":0,"comment_status":"closed","ping_status":"closed","template":"","meta":{"footnotes":""},"class_list":["post-988703","page","type-page","status-publish","has-post-thumbnail","hentry"],"_links":{"self":[{"href":"https:\/\/alagan.tech\/fr\/wp-json\/wp\/v2\/pages\/988703","targetHints":{"allow":["GET"]}}],"collection":[{"href":"https:\/\/alagan.tech\/fr\/wp-json\/wp\/v2\/pages"}],"about":[{"href":"https:\/\/alagan.tech\/fr\/wp-json\/wp\/v2\/types\/page"}],"author":[{"embeddable":true,"href":"https:\/\/alagan.tech\/fr\/wp-json\/wp\/v2\/users\/1"}],"replies":[{"embeddable":true,"href":"https:\/\/alagan.tech\/fr\/wp-json\/wp\/v2\/comments?post=988703"}],"version-history":[{"count":5,"href":"https:\/\/alagan.tech\/fr\/wp-json\/wp\/v2\/pages\/988703\/revisions"}],"predecessor-version":[{"id":988804,"href":"https:\/\/alagan.tech\/fr\/wp-json\/wp\/v2\/pages\/988703\/revisions\/988804"}],"up":[{"embeddable":true,"href":"https:\/\/alagan.tech\/fr\/wp-json\/wp\/v2\/pages\/1295"}],"wp:featuredmedia":[{"embeddable":true,"href":"https:\/\/alagan.tech\/fr\/wp-json\/wp\/v2\/media\/988704"}],"wp:attachment":[{"href":"https:\/\/alagan.tech\/fr\/wp-json\/wp\/v2\/media?parent=988703"}],"curies":[{"name":"wp","href":"https:\/\/api.w.org\/{rel}","templated":true}]}}