{"id":989102,"date":"2024-09-05T08:39:22","date_gmt":"2024-09-05T08:39:22","guid":{"rendered":"https:\/\/alagan.tech\/?page_id=989102"},"modified":"2024-09-06T21:15:47","modified_gmt":"2024-09-06T21:15:47","slug":"sarj-yazilimi-3","status":"publish","type":"page","link":"https:\/\/alagan.tech\/fr\/sarj-yazilimi-3\/","title":{"rendered":"Logiciel de Charge"},"content":{"rendered":"<div data-elementor-type=\"wp-page\" data-elementor-id=\"989102\" class=\"elementor elementor-989102\" data-elementor-post-type=\"page\">\n\t\t\t\t<div class=\"elementor-element elementor-element-dba68da e-flex e-con-boxed e-con e-parent\" data-id=\"dba68da\" data-element_type=\"container\">\n\t\t\t\t\t<div class=\"e-con-inner\">\n\t\t\t\t<div class=\"elementor-element elementor-element-c22bdb3 elementor-widget elementor-widget-heading\" data-id=\"c22bdb3\" data-element_type=\"widget\" data-widget_type=\"heading.default\">\n\t\t\t\t<div class=\"elementor-widget-container\">\n\t\t\t\t\t<h2 class=\"elementor-heading-title elementor-size-default\">Gestion de l'\u00e9nergie<\/h2>\t\t\t\t<\/div>\n\t\t\t\t<\/div>\n\t\t\t\t\t<\/div>\n\t\t\t\t<\/div>\n\t\t\t\t<section class=\"elementor-section elementor-top-section elementor-element elementor-element-5ee6bb4b elementor-section-content-middle elementor-reverse-mobile elementor-section-boxed elementor-section-height-default elementor-section-height-default\" data-id=\"5ee6bb4b\" data-element_type=\"section\">\n\t\t\t\t\t\t<div class=\"elementor-container elementor-column-gap-no\">\n\t\t\t\t\t<div class=\"elementor-column elementor-col-50 elementor-top-column elementor-element elementor-element-14053ddc\" data-id=\"14053ddc\" data-element_type=\"column\">\n\t\t\t<div class=\"elementor-widget-wrap elementor-element-populated\">\n\t\t\t\t\t\t<section class=\"elementor-section elementor-inner-section elementor-element elementor-element-46dc0084 elementor-section-boxed elementor-section-height-default elementor-section-height-default\" data-id=\"46dc0084\" data-element_type=\"section\">\n\t\t\t\t\t\t<div class=\"elementor-container elementor-column-gap-default\">\n\t\t\t\t\t<div class=\"elementor-column elementor-col-100 elementor-inner-column elementor-element elementor-element-44a6a44f\" data-id=\"44a6a44f\" data-element_type=\"column\">\n\t\t\t<div class=\"elementor-widget-wrap elementor-element-populated\">\n\t\t\t\t\t\t<div class=\"vamtam-has-theme-widget-styles elementor-element elementor-element-783b0555 elementor-position-left elementor-view-default elementor-mobile-position-top elementor-vertical-align-top elementor-widget elementor-widget-icon-box\" data-id=\"783b0555\" data-element_type=\"widget\" data-widget_type=\"icon-box.default\">\n\t\t\t\t<div class=\"elementor-widget-container\">\n\t\t\t\t\t\t\t<div class=\"elementor-icon-box-wrapper\">\n\n\t\t\t\t\t\t<div class=\"elementor-icon-box-icon\">\n\t\t\t\t<span  class=\"elementor-icon elementor-animation-\">\n\t\t\t\t<i aria-hidden=\"true\" class=\"vamtamtheme- vamtam-theme-check-box\"><\/i>\t\t\t\t<\/span>\n\t\t\t<\/div>\n\t\t\t\n\t\t\t\t\t\t<div class=\"elementor-icon-box-content\">\n\n\t\t\t\t\t\t\t\t\t<h3 class=\"elementor-icon-box-title\">\n\t\t\t\t\t\t<span  >\n\t\t\t\t\t\t\tUtilisation du logement\t\t\t\t\t\t<\/span>\n\t\t\t\t\t<\/h3>\n\t\t\t\t\n\t\t\t\t\t\t\t\t\t<p class=\"elementor-icon-box-description\">\n\t\t\t\t\t\tUtilisation personnelle des propri\u00e9taires de v\u00e9hicules \u00e9lectriques\t\t\t\t\t<\/p>\n\t\t\t\t\n\t\t\t<\/div>\n\t\t\t\n\t\t<\/div>\n\t\t\t\t\t\t<\/div>\n\t\t\t\t<\/div>\n\t\t\t\t<div class=\"vamtam-has-theme-widget-styles elementor-element elementor-element-4f927fcb elementor-position-left elementor-view-default elementor-mobile-position-top elementor-vertical-align-top elementor-widget elementor-widget-icon-box\" data-id=\"4f927fcb\" data-element_type=\"widget\" data-widget_type=\"icon-box.default\">\n\t\t\t\t<div class=\"elementor-widget-container\">\n\t\t\t\t\t\t\t<div class=\"elementor-icon-box-wrapper\">\n\n\t\t\t\t\t\t<div class=\"elementor-icon-box-icon\">\n\t\t\t\t<span  class=\"elementor-icon elementor-animation-\">\n\t\t\t\t<i aria-hidden=\"true\" class=\"vamtamtheme- vamtam-theme-check-box\"><\/i>\t\t\t\t<\/span>\n\t\t\t<\/div>\n\t\t\t\n\t\t\t\t\t\t<div class=\"elementor-icon-box-content\">\n\n\t\t\t\t\t\t\t\t\t<h3 class=\"elementor-icon-box-title\">\n\t\t\t\t\t\t<span  >\n\t\t\t\t\t\t\tUtilisation semi-publique (restreinte)\t\t\t\t\t\t<\/span>\n\t\t\t\t\t<\/h3>\n\t\t\t\t\n\t\t\t\t\t\t\t\t\t<p class=\"elementor-icon-box-description\">\n\t\t\t\t\t\tPlaces, r\u00e9sidences, lotissements priv\u00e9s et autres espaces publics\t\t\t\t\t<\/p>\n\t\t\t\t\n\t\t\t<\/div>\n\t\t\t\n\t\t<\/div>\n\t\t\t\t\t\t<\/div>\n\t\t\t\t<\/div>\n\t\t\t\t<div class=\"vamtam-has-theme-widget-styles elementor-element elementor-element-c23966a elementor-position-left elementor-view-default elementor-mobile-position-top elementor-vertical-align-top elementor-widget elementor-widget-icon-box\" data-id=\"c23966a\" data-element_type=\"widget\" data-widget_type=\"icon-box.default\">\n\t\t\t\t<div class=\"elementor-widget-container\">\n\t\t\t\t\t\t\t<div class=\"elementor-icon-box-wrapper\">\n\n\t\t\t\t\t\t<div class=\"elementor-icon-box-icon\">\n\t\t\t\t<span  class=\"elementor-icon elementor-animation-\">\n\t\t\t\t<i aria-hidden=\"true\" class=\"vamtamtheme- vamtam-theme-check-box\"><\/i>\t\t\t\t<\/span>\n\t\t\t<\/div>\n\t\t\t\n\t\t\t\t\t\t<div class=\"elementor-icon-box-content\">\n\n\t\t\t\t\t\t\t\t\t<h3 class=\"elementor-icon-box-title\">\n\t\t\t\t\t\t<span  >\n\t\t\t\t\t\t\tUtilisation publique\t\t\t\t\t\t<\/span>\n\t\t\t\t\t<\/h3>\n\t\t\t\t\n\t\t\t\t\t\t\t\t\t<p class=\"elementor-icon-box-description\">\n\t\t\t\t\t\tLieux accessibles au public\t\t\t\t\t<\/p>\n\t\t\t\t\n\t\t\t<\/div>\n\t\t\t\n\t\t<\/div>\n\t\t\t\t\t\t<\/div>\n\t\t\t\t<\/div>\n\t\t\t\t\t<\/div>\n\t\t<\/div>\n\t\t\t\t\t<\/div>\n\t\t<\/section>\n\t\t\t\t\t<\/div>\n\t\t<\/div>\n\t\t\t\t<div class=\"elementor-column elementor-col-50 elementor-top-column elementor-element elementor-element-97e6ed4\" data-id=\"97e6ed4\" data-element_type=\"column\" data-settings=\"{&quot;background_background&quot;:&quot;classic&quot;}\">\n\t\t\t<div class=\"elementor-widget-wrap\">\n\t\t\t\t\t\t\t<\/div>\n\t\t<\/div>\n\t\t\t\t\t<\/div>\n\t\t<\/section>\n\t\t<div class=\"elementor-element elementor-element-ed91039 e-flex e-con-boxed e-con e-parent\" data-id=\"ed91039\" data-element_type=\"container\">\n\t\t\t\t\t<div class=\"e-con-inner\">\n\t\t<div class=\"elementor-element elementor-element-f1972ee e-con-full e-flex e-con e-child\" data-id=\"f1972ee\" data-element_type=\"container\">\n\t\t\t\t<div class=\"elementor-element elementor-element-0439d28 elementor-widget elementor-widget-heading\" data-id=\"0439d28\" data-element_type=\"widget\" data-widget_type=\"heading.default\">\n\t\t\t\t<div class=\"elementor-widget-container\">\n\t\t\t\t\t<h2 class=\"elementor-heading-title elementor-size-default\">Mat\u00e9riel<\/h2>\t\t\t\t<\/div>\n\t\t\t\t<\/div>\n\t\t\t\t<div class=\"elementor-element elementor-element-95045ab elementor-widget elementor-widget-image\" data-id=\"95045ab\" data-element_type=\"widget\" data-widget_type=\"image.default\">\n\t\t\t\t<div class=\"elementor-widget-container\">\n\t\t\t\t\t\t\t\t\t\t\t\t\t\t\t<img fetchpriority=\"high\" decoding=\"async\" width=\"938\" height=\"938\" src=\"https:\/\/alagan.tech\/wp-content\/uploads\/2024\/09\/1.png\" class=\"attachment-large size-large wp-image-989372\" alt=\"\" srcset=\"https:\/\/alagan.tech\/wp-content\/uploads\/2024\/09\/1.png 938w, https:\/\/alagan.tech\/wp-content\/uploads\/2024\/09\/1-300x300.png 300w, https:\/\/alagan.tech\/wp-content\/uploads\/2024\/09\/1-150x150.png 150w, https:\/\/alagan.tech\/wp-content\/uploads\/2024\/09\/1-768x768.png 768w, https:\/\/alagan.tech\/wp-content\/uploads\/2024\/09\/1-12x12.png 12w\" sizes=\"(max-width: 938px) 100vw, 938px\" \/>\t\t\t\t\t\t\t\t\t\t\t\t\t\t\t<\/div>\n\t\t\t\t<\/div>\n\t\t\t\t<div class=\"elementor-element elementor-element-619c262 elementor-widget elementor-widget-text-editor\" data-id=\"619c262\" data-element_type=\"widget\" data-widget_type=\"text-editor.default\">\n\t\t\t\t<div class=\"elementor-widget-container\">\n\t\t\t\t\t\t\t\t\t<ul><li>Options de stations de charge CA et CC certifi\u00e9es au niveau international<\/li><li>Possibilit\u00e9 de mettre \u00e0 jour les caract\u00e9ristiques de l'appareil et le design ext\u00e9rieur en fonction de vos besoins<\/li><li>Activit\u00e9s de R&amp;D<\/li><\/ul>\t\t\t\t\t\t\t\t<\/div>\n\t\t\t\t<\/div>\n\t\t\t\t<\/div>\n\t\t<div class=\"elementor-element elementor-element-375e220 e-con-full e-flex e-con e-child\" data-id=\"375e220\" data-element_type=\"container\">\n\t\t\t\t<div class=\"elementor-element elementor-element-b8973b9 elementor-widget elementor-widget-heading\" data-id=\"b8973b9\" data-element_type=\"widget\" data-widget_type=\"heading.default\">\n\t\t\t\t<div class=\"elementor-widget-container\">\n\t\t\t\t\t<h2 class=\"elementor-heading-title elementor-size-default\">Formulaire de demande<\/h2>\t\t\t\t<\/div>\n\t\t\t\t<\/div>\n\t\t\t\t<div class=\"elementor-element elementor-element-6823673 elementor-widget elementor-widget-image\" data-id=\"6823673\" data-element_type=\"widget\" data-widget_type=\"image.default\">\n\t\t\t\t<div class=\"elementor-widget-container\">\n\t\t\t\t\t\t\t\t\t\t\t\t\t\t\t<img decoding=\"async\" src=\"https:\/\/alagan.tech\/wp-content\/uploads\/2024\/09\/2-1.png\" title=\"2\" alt=\"2\" loading=\"lazy\" \/>\t\t\t\t\t\t\t\t\t\t\t\t\t\t\t<\/div>\n\t\t\t\t<\/div>\n\t\t\t\t<div class=\"elementor-element elementor-element-dfce987 elementor-widget elementor-widget-text-editor\" data-id=\"dfce987\" data-element_type=\"widget\" data-widget_type=\"text-editor.default\">\n\t\t\t\t<div class=\"elementor-widget-container\">\n\t\t\t\t\t\t\t\t\t<ul><li>Application mobile gratuite pour l'utilisateur final<\/li><li>Fonctionnement de la station de recharge et int\u00e9gration des services de mobilit\u00e9<\/li><li>Gestion des donn\u00e9es des stations de recharge<\/li><\/ul>\t\t\t\t\t\t\t\t<\/div>\n\t\t\t\t<\/div>\n\t\t\t\t<\/div>\n\t\t<div class=\"elementor-element elementor-element-ccaf664 e-con-full e-flex e-con e-child\" data-id=\"ccaf664\" data-element_type=\"container\">\n\t\t\t\t<div class=\"elementor-element elementor-element-573fd04 elementor-widget elementor-widget-heading\" data-id=\"573fd04\" data-element_type=\"widget\" data-widget_type=\"heading.default\">\n\t\t\t\t<div class=\"elementor-widget-container\">\n\t\t\t\t\t<h2 class=\"elementor-heading-title elementor-size-default\">Operasyon &amp; Bak\u0131m<\/h2>\t\t\t\t<\/div>\n\t\t\t\t<\/div>\n\t\t\t\t<div class=\"elementor-element elementor-element-291db38 elementor-widget elementor-widget-image\" data-id=\"291db38\" data-element_type=\"widget\" data-widget_type=\"image.default\">\n\t\t\t\t<div class=\"elementor-widget-container\">\n\t\t\t\t\t\t\t\t\t\t\t\t\t\t\t<img decoding=\"async\" width=\"938\" height=\"938\" src=\"https:\/\/alagan.tech\/wp-content\/uploads\/2024\/09\/3-1.png\" class=\"attachment-large size-large wp-image-989374\" alt=\"\" srcset=\"https:\/\/alagan.tech\/wp-content\/uploads\/2024\/09\/3-1.png 938w, https:\/\/alagan.tech\/wp-content\/uploads\/2024\/09\/3-1-300x300.png 300w, https:\/\/alagan.tech\/wp-content\/uploads\/2024\/09\/3-1-150x150.png 150w, https:\/\/alagan.tech\/wp-content\/uploads\/2024\/09\/3-1-768x768.png 768w, https:\/\/alagan.tech\/wp-content\/uploads\/2024\/09\/3-1-12x12.png 12w\" sizes=\"(max-width: 938px) 100vw, 938px\" \/>\t\t\t\t\t\t\t\t\t\t\t\t\t\t\t<\/div>\n\t\t\t\t<\/div>\n\t\t\t\t<div class=\"elementor-element elementor-element-b0cd3f8 elementor-widget elementor-widget-text-editor\" data-id=\"b0cd3f8\" data-element_type=\"widget\" data-widget_type=\"text-editor.default\">\n\t\t\t\t<div class=\"elementor-widget-container\">\n\t\t\t\t\t\t\t\t\t<ul><li>R\u00e9mun\u00e9ration publique<\/li><li>Exploitation du r\u00e9seau<\/li><li>Maintenance<\/li><li>Service en cas de panne et de d\u00e9m\u00e9nagement<\/li><li>Centre d'appel<\/li><\/ul>\t\t\t\t\t\t\t\t<\/div>\n\t\t\t\t<\/div>\n\t\t\t\t<\/div>\n\t\t<div class=\"elementor-element elementor-element-f20cc82 e-con-full e-flex e-con e-child\" data-id=\"f20cc82\" data-element_type=\"container\">\n\t\t\t\t<div class=\"elementor-element elementor-element-a77a547 elementor-widget elementor-widget-heading\" data-id=\"a77a547\" data-element_type=\"widget\" data-widget_type=\"heading.default\">\n\t\t\t\t<div class=\"elementor-widget-container\">\n\t\t\t\t\t<h2 class=\"elementor-heading-title elementor-size-default\">Installations<\/h2>\t\t\t\t<\/div>\n\t\t\t\t<\/div>\n\t\t\t\t<div class=\"elementor-element elementor-element-0d59494 elementor-widget elementor-widget-image\" data-id=\"0d59494\" data-element_type=\"widget\" data-widget_type=\"image.default\">\n\t\t\t\t<div class=\"elementor-widget-container\">\n\t\t\t\t\t\t\t\t\t\t\t\t\t\t\t<img decoding=\"async\" width=\"938\" height=\"938\" src=\"https:\/\/alagan.tech\/wp-content\/uploads\/2024\/09\/4-1.png\" class=\"attachment-large size-large wp-image-989375\" alt=\"\" srcset=\"https:\/\/alagan.tech\/wp-content\/uploads\/2024\/09\/4-1.png 938w, https:\/\/alagan.tech\/wp-content\/uploads\/2024\/09\/4-1-300x300.png 300w, https:\/\/alagan.tech\/wp-content\/uploads\/2024\/09\/4-1-150x150.png 150w, https:\/\/alagan.tech\/wp-content\/uploads\/2024\/09\/4-1-768x768.png 768w, https:\/\/alagan.tech\/wp-content\/uploads\/2024\/09\/4-1-12x12.png 12w\" sizes=\"(max-width: 938px) 100vw, 938px\" \/>\t\t\t\t\t\t\t\t\t\t\t\t\t\t\t<\/div>\n\t\t\t\t<\/div>\n\t\t\t\t<div class=\"elementor-element elementor-element-b034185 elementor-widget elementor-widget-text-editor\" data-id=\"b034185\" data-element_type=\"widget\" data-widget_type=\"text-editor.default\">\n\t\t\t\t<div class=\"elementor-widget-container\">\n\t\t\t\t\t\t\t\t\t<ul><li>Station de recharge <br \/>service d'installation et support d'infrastructure<\/li><li>Fourniture d'un service d'installation pour diff\u00e9rentes marques d'appareils<\/li><li>Fourniture d'un solde d'\u00e9quipement<\/li><\/ul>\t\t\t\t\t\t\t\t<\/div>\n\t\t\t\t<\/div>\n\t\t\t\t<\/div>\n\t\t\t\t\t<\/div>\n\t\t\t\t<\/div>\n\t\t<div class=\"elementor-element elementor-element-191162c e-flex e-con-boxed e-con e-parent\" data-id=\"191162c\" data-element_type=\"container\">\n\t\t\t\t\t<div class=\"e-con-inner\">\n\t\t\t\t<div class=\"elementor-element elementor-element-0d1d2ea elementor-widget-divider--view-line elementor-widget elementor-widget-divider\" data-id=\"0d1d2ea\" data-element_type=\"widget\" data-widget_type=\"divider.default\">\n\t\t\t\t<div class=\"elementor-widget-container\">\n\t\t\t\t\t\t\t<div class=\"elementor-divider\">\n\t\t\t<span class=\"elementor-divider-separator\">\n\t\t\t\t\t\t<\/span>\n\t\t<\/div>\n\t\t\t\t\t\t<\/div>\n\t\t\t\t<\/div>\n\t\t\t\t\t<\/div>\n\t\t\t\t<\/div>\n\t\t<div class=\"elementor-element elementor-element-5f096d8 e-flex e-con-boxed e-con e-parent\" data-id=\"5f096d8\" data-element_type=\"container\">\n\t\t\t\t\t<div class=\"e-con-inner\">\n\t\t\t\t<div class=\"elementor-element elementor-element-d918f05 elementor-widget elementor-widget-heading\" data-id=\"d918f05\" data-element_type=\"widget\" data-widget_type=\"heading.default\">\n\t\t\t\t<div class=\"elementor-widget-container\">\n\t\t\t\t\t<h2 class=\"elementor-heading-title elementor-size-default\">L'application<\/h2>\t\t\t\t<\/div>\n\t\t\t\t<\/div>\n\t\t<div class=\"elementor-element elementor-element-ce061ff e-con-full e-flex e-con e-child\" data-id=\"ce061ff\" data-element_type=\"container\">\n\t\t\t\t<div class=\"elementor-element elementor-element-f8bc39b elementor-widget elementor-widget-image\" data-id=\"f8bc39b\" data-element_type=\"widget\" data-widget_type=\"image.default\">\n\t\t\t\t<div class=\"elementor-widget-container\">\n\t\t\t\t\t\t\t\t\t\t\t\t\t\t\t<img loading=\"lazy\" decoding=\"async\" width=\"1024\" height=\"94\" src=\"https:\/\/alagan.tech\/wp-content\/uploads\/2023\/03\/Ekran-Resmi-2024-09-05-00.16.42-1024x94.png\" class=\"attachment-large size-large wp-image-988988\" alt=\"\" srcset=\"https:\/\/alagan.tech\/wp-content\/uploads\/2023\/03\/Ekran-Resmi-2024-09-05-00.16.42-1024x94.png 1024w, https:\/\/alagan.tech\/wp-content\/uploads\/2023\/03\/Ekran-Resmi-2024-09-05-00.16.42-300x27.png 300w, https:\/\/alagan.tech\/wp-content\/uploads\/2023\/03\/Ekran-Resmi-2024-09-05-00.16.42-768x70.png 768w, https:\/\/alagan.tech\/wp-content\/uploads\/2023\/03\/Ekran-Resmi-2024-09-05-00.16.42-1536x140.png 1536w, https:\/\/alagan.tech\/wp-content\/uploads\/2023\/03\/Ekran-Resmi-2024-09-05-00.16.42-18x2.png 18w, https:\/\/alagan.tech\/wp-content\/uploads\/2023\/03\/Ekran-Resmi-2024-09-05-00.16.42.png 1618w\" sizes=\"(max-width: 1024px) 100vw, 1024px\" \/>\t\t\t\t\t\t\t\t\t\t\t\t\t\t\t<\/div>\n\t\t\t\t<\/div>\n\t\t\t\t<\/div>\n\t\t\t\t\t<\/div>\n\t\t\t\t<\/div>\n\t\t<div class=\"elementor-element elementor-element-6b63752 e-flex e-con-boxed e-con e-parent\" data-id=\"6b63752\" data-element_type=\"container\">\n\t\t\t\t\t<div class=\"e-con-inner\">\n\t\t<div class=\"elementor-element elementor-element-8785fe4 e-con-full e-flex e-con e-child\" data-id=\"8785fe4\" data-element_type=\"container\">\n\t\t\t\t<div class=\"elementor-element elementor-element-beffa69 elementor-widget elementor-widget-image\" data-id=\"beffa69\" data-element_type=\"widget\" data-widget_type=\"image.default\">\n\t\t\t\t<div class=\"elementor-widget-container\">\n\t\t\t\t\t\t\t\t\t\t\t\t\t\t\t<img loading=\"lazy\" decoding=\"async\" width=\"428\" height=\"690\" src=\"https:\/\/alagan.tech\/wp-content\/uploads\/2024\/09\/Ekran-Resmi-2024-09-05-18.04.38.png\" class=\"attachment-large size-large wp-image-989321\" alt=\"\" srcset=\"https:\/\/alagan.tech\/wp-content\/uploads\/2024\/09\/Ekran-Resmi-2024-09-05-18.04.38.png 428w, https:\/\/alagan.tech\/wp-content\/uploads\/2024\/09\/Ekran-Resmi-2024-09-05-18.04.38-186x300.png 186w, https:\/\/alagan.tech\/wp-content\/uploads\/2024\/09\/Ekran-Resmi-2024-09-05-18.04.38-7x12.png 7w\" sizes=\"(max-width: 428px) 100vw, 428px\" \/>\t\t\t\t\t\t\t\t\t\t\t\t\t\t\t<\/div>\n\t\t\t\t<\/div>\n\t\t\t\t<div class=\"elementor-element elementor-element-cab3320 elementor-widget elementor-widget-text-editor\" data-id=\"cab3320\" data-element_type=\"widget\" data-widget_type=\"text-editor.default\">\n\t\t\t\t<div class=\"elementor-widget-container\">\n\t\t\t\t\t\t\t\t\t<p>Voir les bornes de recharge pr\u00e8s de chez vous<\/p>\t\t\t\t\t\t\t\t<\/div>\n\t\t\t\t<\/div>\n\t\t\t\t<\/div>\n\t\t<div class=\"elementor-element elementor-element-2af0f48 e-con-full e-flex e-con e-child\" data-id=\"2af0f48\" data-element_type=\"container\">\n\t\t\t\t<div class=\"elementor-element elementor-element-8a37be9 elementor-widget elementor-widget-image\" data-id=\"8a37be9\" data-element_type=\"widget\" data-widget_type=\"image.default\">\n\t\t\t\t<div class=\"elementor-widget-container\">\n\t\t\t\t\t\t\t\t\t\t\t\t\t\t\t<img loading=\"lazy\" decoding=\"async\" width=\"426\" height=\"684\" src=\"https:\/\/alagan.tech\/wp-content\/uploads\/2024\/09\/Ekran-Resmi-2024-09-05-18.05.06.png\" class=\"attachment-large size-large wp-image-989322\" alt=\"\" srcset=\"https:\/\/alagan.tech\/wp-content\/uploads\/2024\/09\/Ekran-Resmi-2024-09-05-18.05.06.png 426w, https:\/\/alagan.tech\/wp-content\/uploads\/2024\/09\/Ekran-Resmi-2024-09-05-18.05.06-187x300.png 187w, https:\/\/alagan.tech\/wp-content\/uploads\/2024\/09\/Ekran-Resmi-2024-09-05-18.05.06-7x12.png 7w\" sizes=\"(max-width: 426px) 100vw, 426px\" \/>\t\t\t\t\t\t\t\t\t\t\t\t\t\t\t<\/div>\n\t\t\t\t<\/div>\n\t\t\t\t<div class=\"elementor-element elementor-element-bb62cc3 elementor-widget elementor-widget-text-editor\" data-id=\"bb62cc3\" data-element_type=\"widget\" data-widget_type=\"text-editor.default\">\n\t\t\t\t<div class=\"elementor-widget-container\">\n\t\t\t\t\t\t\t\t\t<p>R\u00e9server avant de facturer<\/p>\t\t\t\t\t\t\t\t<\/div>\n\t\t\t\t<\/div>\n\t\t\t\t<\/div>\n\t\t<div class=\"elementor-element elementor-element-6285199 e-con-full e-flex e-con e-child\" data-id=\"6285199\" data-element_type=\"container\">\n\t\t\t\t<div class=\"elementor-element elementor-element-f32a045 elementor-widget elementor-widget-image\" data-id=\"f32a045\" data-element_type=\"widget\" data-widget_type=\"image.default\">\n\t\t\t\t<div class=\"elementor-widget-container\">\n\t\t\t\t\t\t\t\t\t\t\t\t\t\t\t<img loading=\"lazy\" decoding=\"async\" width=\"440\" height=\"684\" src=\"https:\/\/alagan.tech\/wp-content\/uploads\/2024\/09\/Ekran-Resmi-2024-09-05-18.05.37.png\" class=\"attachment-large size-large wp-image-989323\" alt=\"\" srcset=\"https:\/\/alagan.tech\/wp-content\/uploads\/2024\/09\/Ekran-Resmi-2024-09-05-18.05.37.png 440w, https:\/\/alagan.tech\/wp-content\/uploads\/2024\/09\/Ekran-Resmi-2024-09-05-18.05.37-193x300.png 193w, https:\/\/alagan.tech\/wp-content\/uploads\/2024\/09\/Ekran-Resmi-2024-09-05-18.05.37-8x12.png 8w\" sizes=\"(max-width: 440px) 100vw, 440px\" \/>\t\t\t\t\t\t\t\t\t\t\t\t\t\t\t<\/div>\n\t\t\t\t<\/div>\n\t\t\t\t<div class=\"elementor-element elementor-element-22dd382 elementor-widget elementor-widget-text-editor\" data-id=\"22dd382\" data-element_type=\"widget\" data-widget_type=\"text-editor.default\">\n\t\t\t\t<div class=\"elementor-widget-container\">\n\t\t\t\t\t\t\t\t\t<p>Ajouter une carte de cr\u00e9dit\/d\u00e9bit pour effectuer des paiements num\u00e9riques<\/p>\t\t\t\t\t\t\t\t<\/div>\n\t\t\t\t<\/div>\n\t\t\t\t<\/div>\n\t\t<div class=\"elementor-element elementor-element-13755bb e-con-full e-flex e-con e-child\" data-id=\"13755bb\" data-element_type=\"container\">\n\t\t\t\t<div class=\"elementor-element elementor-element-6f6ac20 elementor-widget elementor-widget-image\" data-id=\"6f6ac20\" data-element_type=\"widget\" data-widget_type=\"image.default\">\n\t\t\t\t<div class=\"elementor-widget-container\">\n\t\t\t\t\t\t\t\t\t\t\t\t\t\t\t<img loading=\"lazy\" decoding=\"async\" width=\"414\" height=\"690\" src=\"https:\/\/alagan.tech\/wp-content\/uploads\/2024\/09\/Ekran-Resmi-2024-09-05-18.06.07-Photoroom.png\" class=\"attachment-large size-large wp-image-989324\" alt=\"\" srcset=\"https:\/\/alagan.tech\/wp-content\/uploads\/2024\/09\/Ekran-Resmi-2024-09-05-18.06.07-Photoroom.png 414w, https:\/\/alagan.tech\/wp-content\/uploads\/2024\/09\/Ekran-Resmi-2024-09-05-18.06.07-Photoroom-180x300.png 180w, https:\/\/alagan.tech\/wp-content\/uploads\/2024\/09\/Ekran-Resmi-2024-09-05-18.06.07-Photoroom-7x12.png 7w\" sizes=\"(max-width: 414px) 100vw, 414px\" \/>\t\t\t\t\t\t\t\t\t\t\t\t\t\t\t<\/div>\n\t\t\t\t<\/div>\n\t\t\t\t<div class=\"elementor-element elementor-element-983bbf5 elementor-widget elementor-widget-text-editor\" data-id=\"983bbf5\" data-element_type=\"widget\" data-widget_type=\"text-editor.default\">\n\t\t\t\t<div class=\"elementor-widget-container\">\n\t\t\t\t\t\t\t\t\t<p>Consulter l'historique des r\u00e9mun\u00e9rations et recevoir des notifications<\/p>\t\t\t\t\t\t\t\t<\/div>\n\t\t\t\t<\/div>\n\t\t\t\t<\/div>\n\t\t<div class=\"elementor-element elementor-element-6802431 e-con-full e-flex e-con e-child\" data-id=\"6802431\" data-element_type=\"container\">\n\t\t\t\t<div class=\"elementor-element elementor-element-aa7a7f9 elementor-widget elementor-widget-image\" data-id=\"aa7a7f9\" data-element_type=\"widget\" data-widget_type=\"image.default\">\n\t\t\t\t<div class=\"elementor-widget-container\">\n\t\t\t\t\t\t\t\t\t\t\t\t\t\t\t<img loading=\"lazy\" decoding=\"async\" width=\"396\" height=\"672\" src=\"https:\/\/alagan.tech\/wp-content\/uploads\/2024\/09\/Ekran-Resmi-2024-09-05-18.08.29-Photoroom.png\" class=\"attachment-large size-large wp-image-989325\" alt=\"\" srcset=\"https:\/\/alagan.tech\/wp-content\/uploads\/2024\/09\/Ekran-Resmi-2024-09-05-18.08.29-Photoroom.png 396w, https:\/\/alagan.tech\/wp-content\/uploads\/2024\/09\/Ekran-Resmi-2024-09-05-18.08.29-Photoroom-177x300.png 177w, https:\/\/alagan.tech\/wp-content\/uploads\/2024\/09\/Ekran-Resmi-2024-09-05-18.08.29-Photoroom-7x12.png 7w\" sizes=\"(max-width: 396px) 100vw, 396px\" \/>\t\t\t\t\t\t\t\t\t\t\t\t\t\t\t<\/div>\n\t\t\t\t<\/div>\n\t\t\t\t<div class=\"elementor-element elementor-element-85b8faf elementor-widget elementor-widget-text-editor\" data-id=\"85b8faf\" data-element_type=\"widget\" data-widget_type=\"text-editor.default\">\n\t\t\t\t<div class=\"elementor-widget-container\">\n\t\t\t\t\t\t\t\t\t<p>Suivre les sessions de charge en direct \/ Une premi\u00e8re en Turquie<\/p>\t\t\t\t\t\t\t\t<\/div>\n\t\t\t\t<\/div>\n\t\t\t\t<\/div>\n\t\t\t\t\t<\/div>\n\t\t\t\t<\/div>\n\t\t<div class=\"elementor-element elementor-element-4939588 e-flex e-con-boxed e-con e-parent\" data-id=\"4939588\" data-element_type=\"container\">\n\t\t\t\t\t<div class=\"e-con-inner\">\n\t\t\t\t<div class=\"elementor-element elementor-element-6b46932 elementor-widget elementor-widget-spacer\" data-id=\"6b46932\" data-element_type=\"widget\" data-widget_type=\"spacer.default\">\n\t\t\t\t<div class=\"elementor-widget-container\">\n\t\t\t\t\t\t\t<div class=\"elementor-spacer\">\n\t\t\t<div class=\"elementor-spacer-inner\"><\/div>\n\t\t<\/div>\n\t\t\t\t\t\t<\/div>\n\t\t\t\t<\/div>\n\t\t\t\t\t<\/div>\n\t\t\t\t<\/div>\n\t\t\t\t<\/div>","protected":false},"excerpt":{"rendered":"<p>Enerji Y\u00f6netimi Konut Kullan\u0131m\u0131 Elektrikli ara\u00e7 sahiplerinin ki\u015fisel kullan\u0131m\u0131 Yar\u0131 Kamusal (K\u0131s\u0131tl\u0131) Kullan\u0131m Plazalar, konutlar, \u00f6zel siteler ve di\u011fer toplu kullan\u0131m alanlar\u0131 Kamu Kullan\u0131m\u0131 Halk\u0131n eri\u015fimine a\u00e7\u0131k yerler Donan\u0131m Uluslararas\u0131 sertifikal\u0131 AC ve DC \u015farj istasyonu se\u00e7enekleri Cihaz \u00f6zelliklerini ve d\u0131\u015f tasar\u0131m\u0131n\u0131 ihtiya\u00e7lar\u0131n\u0131za g\u00f6re g\u00fcncelleme imkan\u0131 Ar-Ge \u00e7al\u0131\u015fmalar\u0131 Ba\u015fvuru Formu \u00dccretsiz Son Kullan\u0131c\u0131 Mobil Uygulamas\u0131&#8230;<\/p>","protected":false},"author":1,"featured_media":0,"parent":0,"menu_order":0,"comment_status":"closed","ping_status":"closed","template":"","meta":{"footnotes":""},"class_list":["post-989102","page","type-page","status-publish","hentry"],"_links":{"self":[{"href":"https:\/\/alagan.tech\/fr\/wp-json\/wp\/v2\/pages\/989102","targetHints":{"allow":["GET"]}}],"collection":[{"href":"https:\/\/alagan.tech\/fr\/wp-json\/wp\/v2\/pages"}],"about":[{"href":"https:\/\/alagan.tech\/fr\/wp-json\/wp\/v2\/types\/page"}],"author":[{"embeddable":true,"href":"https:\/\/alagan.tech\/fr\/wp-json\/wp\/v2\/users\/1"}],"replies":[{"embeddable":true,"href":"https:\/\/alagan.tech\/fr\/wp-json\/wp\/v2\/comments?post=989102"}],"version-history":[{"count":91,"href":"https:\/\/alagan.tech\/fr\/wp-json\/wp\/v2\/pages\/989102\/revisions"}],"predecessor-version":[{"id":989547,"href":"https:\/\/alagan.tech\/fr\/wp-json\/wp\/v2\/pages\/989102\/revisions\/989547"}],"wp:attachment":[{"href":"https:\/\/alagan.tech\/fr\/wp-json\/wp\/v2\/media?parent=989102"}],"curies":[{"name":"wp","href":"https:\/\/api.w.org\/{rel}","templated":true}]}}