{"id":989593,"date":"2024-10-28T08:41:15","date_gmt":"2024-10-28T08:41:15","guid":{"rendered":"https:\/\/alagan.tech\/?page_id=989593"},"modified":"2024-11-18T08:25:50","modified_gmt":"2024-11-18T08:25:50","slug":"sinan-ozkok","status":"publish","type":"page","link":"https:\/\/alagan.tech\/fr\/ekibimiz\/sinan-ozkok\/","title":{"rendered":"Sinan \u00d6zk\u00f6k"},"content":{"rendered":"<div data-elementor-type=\"wp-page\" data-elementor-id=\"989593\" class=\"elementor elementor-989593\" data-elementor-post-type=\"page\">\n\t\t\t\t\t\t<section class=\"elementor-section elementor-top-section elementor-element elementor-element-282f8016 elementor-section-full_width elementor-section-height-default elementor-section-height-default\" data-id=\"282f8016\" data-element_type=\"section\">\n\t\t\t\t\t\t<div class=\"elementor-container elementor-column-gap-no\">\n\t\t\t\t\t<div class=\"elementor-column elementor-col-100 elementor-top-column elementor-element elementor-element-1d8e7f05\" data-id=\"1d8e7f05\" data-element_type=\"column\">\n\t\t\t<div class=\"elementor-widget-wrap elementor-element-populated\">\n\t\t\t\t\t\t<div class=\"elementor-element elementor-element-58f8d540 elementor-widget elementor-widget-text-editor\" data-id=\"58f8d540\" data-element_type=\"widget\" data-widget_type=\"text-editor.default\">\n\t\t\t\t<div class=\"elementor-widget-container\">\n\t\t\t\t\t\t\t\t\t<div><span class=\"s2\">Sinan \u00d6ZK\u00d6K, dipl\u00f4m\u00e9 du lyc\u00e9e fran\u00e7ais Saint Beno\u00eet \u00e0 Istanbul, puis de l\u2019Universit\u00e9 Technique d\u2019Istanbul \/ Management Engineering en 1993,\u00a0<\/span>vie professionnelle chez Oyak-Renault.<\/div><ul><li>Entre 1993 et 2015, nombreux postes de direction au si\u00e8ge de Renault en France et chez Renault Turquie, dans les domaines de Produit, Marketing Strat\u00e9gique, D\u00e9veloppement des R\u00e9seaux, Op\u00e9rations Commerciales.<\/li><li>En 2015, il est devenu le premier directeur g\u00e9n\u00e9ral turc nomm\u00e9 pour Nissan Turquie o\u00f9 il a doubl\u00e9 la part de march\u00e9 de la marque.<\/li><li>Il a \u00e9t\u00e9 nomm\u00e9 au poste de pr\u00e9sident des op\u00e9rations de Nissan Inde en 2019, responsable de toutes les fonctions, y compris la production, l'ing\u00e9nierie, les achats, les ventes et le marketing, la finance pour les marques Nissan et Datsun dans ce pays, l'un des march\u00e9s automobiles les plus importants au monde. Gr\u00e2ce au lancements produits r\u00e9ussis, notamment en 2020 dans des conditions difficiles en plein Covid-19, la marque a renforc\u00e9 sa place sur ce march\u00e9 important et a re\u00e7u de nombreux prix.<\/li><li>Il a occup\u00e9 le poste de vice-pr\u00e9sident Business Development pour la r\u00e9gion NISSAN AMIEO entre 2022 et 2024. En plus de ce r\u00f4le strat\u00e9gique, il a \u00e9t\u00e9 responsable du d\u00e9veloppement des march\u00e9s et des op\u00e9rations des importateurs en Europe, dans 32 pays avec un chiffre d\u2019affaire de plus d\u20191 milliard d\u2019euros.<\/li><\/ul><div>\u00a0<\/div><div>Sinan \u00d6ZK\u00d6K, qui fait partie du \u00ab Global 50 Turkish Managers \u00bb publi\u00e9 par Capital, <b>est Senior Consultant en management et business, en se concentrant sur des sujets tels que la transformation des entreprises,<\/b>\u00a0l'approche strat\u00e9gique, la performance durable et l\u2019excellence op\u00e9rationnelle.<\/div><div>Membre de CCIFT (Chambre de Commerce Fran\u00e7aise en Turquie), Sinan \u00d6ZK\u00d6K est \u00e9galement mentor pour les jeunes ing\u00e9nieurs de l\u2019ITU et donne des Masterclass dans les programmes de MBA. Il est bas\u00e9 \u00e0 Paris et \u00e0 Istanbul.<\/div>\t\t\t\t\t\t\t\t<\/div>\n\t\t\t\t<\/div>\n\t\t\t\t<div class=\"elementor-element elementor-element-2f97e718 elementor-shape-circle elementor-grid-2 e-grid-align-left e-grid-align-mobile-left elementor-widget__width-auto elementor-widget elementor-widget-social-icons\" data-id=\"2f97e718\" data-element_type=\"widget\" data-widget_type=\"social-icons.default\">\n\t\t\t\t<div class=\"elementor-widget-container\">\n\t\t\t\t\t\t\t<div class=\"elementor-social-icons-wrapper elementor-grid\">\n\t\t\t\t\t\t\t<span class=\"elementor-grid-item\">\n\t\t\t\t\t<a class=\"elementor-icon elementor-social-icon elementor-social-icon-linkedin elementor-repeater-item-c7c5b59\" href=\"https:\/\/www.linkedin.com\/in\/sinanozkok\/?originalSubdomain=fr\" target=\"_blank\">\n\t\t\t\t\t\t<span class=\"elementor-screen-only\">Linkedin<\/span>\n\t\t\t\t\t\t<i class=\"fab fa-linkedin\"><\/i>\t\t\t\t\t<\/a>\n\t\t\t\t<\/span>\n\t\t\t\t\t<\/div>\n\t\t\t\t\t\t<\/div>\n\t\t\t\t<\/div>\n\t\t\t\t\t<\/div>\n\t\t<\/div>\n\t\t\t\t\t<\/div>\n\t\t<\/section>\n\t\t\t\t<\/div>","protected":false},"excerpt":{"rendered":"<p>Partenaire Commercial<\/p>","protected":false},"author":1,"featured_media":989589,"parent":1295,"menu_order":0,"comment_status":"closed","ping_status":"closed","template":"","meta":{"footnotes":""},"class_list":["post-989593","page","type-page","status-publish","has-post-thumbnail","hentry"],"_links":{"self":[{"href":"https:\/\/alagan.tech\/fr\/wp-json\/wp\/v2\/pages\/989593","targetHints":{"allow":["GET"]}}],"collection":[{"href":"https:\/\/alagan.tech\/fr\/wp-json\/wp\/v2\/pages"}],"about":[{"href":"https:\/\/alagan.tech\/fr\/wp-json\/wp\/v2\/types\/page"}],"author":[{"embeddable":true,"href":"https:\/\/alagan.tech\/fr\/wp-json\/wp\/v2\/users\/1"}],"replies":[{"embeddable":true,"href":"https:\/\/alagan.tech\/fr\/wp-json\/wp\/v2\/comments?post=989593"}],"version-history":[{"count":7,"href":"https:\/\/alagan.tech\/fr\/wp-json\/wp\/v2\/pages\/989593\/revisions"}],"predecessor-version":[{"id":989603,"href":"https:\/\/alagan.tech\/fr\/wp-json\/wp\/v2\/pages\/989593\/revisions\/989603"}],"up":[{"embeddable":true,"href":"https:\/\/alagan.tech\/fr\/wp-json\/wp\/v2\/pages\/1295"}],"wp:featuredmedia":[{"embeddable":true,"href":"https:\/\/alagan.tech\/fr\/wp-json\/wp\/v2\/media\/989589"}],"wp:attachment":[{"href":"https:\/\/alagan.tech\/fr\/wp-json\/wp\/v2\/media?parent=989593"}],"curies":[{"name":"wp","href":"https:\/\/api.w.org\/{rel}","templated":true}]}}