{"id":989654,"date":"2025-01-07T09:28:48","date_gmt":"2025-01-07T09:28:48","guid":{"rendered":"https:\/\/alagan.tech\/?page_id=989654"},"modified":"2025-01-07T09:50:35","modified_gmt":"2025-01-07T09:50:35","slug":"zafer-seymen","status":"publish","type":"page","link":"https:\/\/alagan.tech\/fr\/ekibimiz\/zafer-seymen\/","title":{"rendered":"Zafer Seymen"},"content":{"rendered":"<div data-elementor-type=\"wp-page\" data-elementor-id=\"989654\" class=\"elementor elementor-989654\" data-elementor-post-type=\"page\">\n\t\t\t\t\t\t<section class=\"elementor-section elementor-top-section elementor-element elementor-element-282f8016 elementor-section-full_width elementor-section-height-default elementor-section-height-default\" data-id=\"282f8016\" data-element_type=\"section\">\n\t\t\t\t\t\t<div class=\"elementor-container elementor-column-gap-no\">\n\t\t\t\t\t<div class=\"elementor-column elementor-col-100 elementor-top-column elementor-element elementor-element-1d8e7f05\" data-id=\"1d8e7f05\" data-element_type=\"column\">\n\t\t\t<div class=\"elementor-widget-wrap elementor-element-populated\">\n\t\t\t\t\t\t<div class=\"elementor-element elementor-element-58f8d540 elementor-widget elementor-widget-text-editor\" data-id=\"58f8d540\" data-element_type=\"widget\" data-widget_type=\"text-editor.default\">\n\t\t\t\t<div class=\"elementor-widget-container\">\n\t\t\t\t\t\t\t\t\t<p style=\"font-style: normal; font-variant-caps: normal; font-size: 20px; font-family: Helvetica; caret-color: #000000; color: #000000;\">Zafer SEYMEN, n\u00e9 en Turquie en 1975, est dipl\u00f4m\u00e9 de l'Universit\u00e9 Technique de Y\u0131ld\u0131z \u00e0 Istanbul avec un dipl\u00f4me en g\u00e9nie m\u00e9canique.<br \/>Directeur d'usine dans l'un des plus grands sites de production de Valeo.<br \/>A construit deux sites de production enti\u00e8rement nouveaux pour de nouveaux investissements et les a men\u00e9s jusqu'\u00e0 leur pleine exploitation.<br \/>Directeur Industriel Global supervisant les op\u00e9rations de fabrication sur 32 sites dans 15 pays, bas\u00e9 au si\u00e8ge social \u00e0 Paris.<br \/>Avec 25 ans d'exp\u00e9rience, il a occup\u00e9 des postes cl\u00e9s op\u00e9rationnels et ex\u00e9cutifs au sein de grandes entreprises automobiles mondiales. Il est sp\u00e9cialis\u00e9 dans la fabrication, l'ing\u00e9nierie des proc\u00e9d\u00e9s, la gestion de la cha\u00eene d'approvisionnement, la gestion de la performance et l'excellence op\u00e9rationnelle, avec une capacit\u00e9 av\u00e9r\u00e9e \u00e0 transformer les r\u00e9seaux de production et \u00e0 accompagner la transition de l'industrie vers l'\u00e9lectrification.<br \/>Elle dispose \u00e9galement d\u2019une comp\u00e9tence av\u00e9r\u00e9e dans la transformation des r\u00e9seaux de production et dans la conduite du processus d\u2019\u00e9lectrification de l\u2019industrie automobile.<br \/>Il a r\u00e9cemment rejoint Alagan.Tech, contribuant aux projets d'\u00e9lectrification. Il vit \u00e0 Paris.<\/p>\t\t\t\t\t\t\t\t<\/div>\n\t\t\t\t<\/div>\n\t\t\t\t<div class=\"elementor-element elementor-element-2f97e718 elementor-shape-circle elementor-grid-2 e-grid-align-left e-grid-align-mobile-left elementor-widget__width-auto elementor-widget elementor-widget-social-icons\" data-id=\"2f97e718\" data-element_type=\"widget\" data-widget_type=\"social-icons.default\">\n\t\t\t\t<div class=\"elementor-widget-container\">\n\t\t\t\t\t\t\t<div class=\"elementor-social-icons-wrapper elementor-grid\">\n\t\t\t\t\t\t\t<span class=\"elementor-grid-item\">\n\t\t\t\t\t<a class=\"elementor-icon elementor-social-icon elementor-social-icon-linkedin elementor-repeater-item-c7c5b59\" href=\"https:\/\/www.linkedin.com\/in\/zafer-seymen-21374959\/\" target=\"_blank\">\n\t\t\t\t\t\t<span class=\"elementor-screen-only\">Linkedin<\/span>\n\t\t\t\t\t\t<i class=\"fab fa-linkedin\"><\/i>\t\t\t\t\t<\/a>\n\t\t\t\t<\/span>\n\t\t\t\t\t<\/div>\n\t\t\t\t\t\t<\/div>\n\t\t\t\t<\/div>\n\t\t\t\t\t<\/div>\n\t\t<\/div>\n\t\t\t\t\t<\/div>\n\t\t<\/section>\n\t\t\t\t<\/div>","protected":false},"excerpt":{"rendered":"<p>Partenaire Commercial<\/p>","protected":false},"author":1,"featured_media":989662,"parent":1295,"menu_order":0,"comment_status":"closed","ping_status":"closed","template":"","meta":{"footnotes":""},"class_list":["post-989654","page","type-page","status-publish","has-post-thumbnail","hentry"],"_links":{"self":[{"href":"https:\/\/alagan.tech\/fr\/wp-json\/wp\/v2\/pages\/989654","targetHints":{"allow":["GET"]}}],"collection":[{"href":"https:\/\/alagan.tech\/fr\/wp-json\/wp\/v2\/pages"}],"about":[{"href":"https:\/\/alagan.tech\/fr\/wp-json\/wp\/v2\/types\/page"}],"author":[{"embeddable":true,"href":"https:\/\/alagan.tech\/fr\/wp-json\/wp\/v2\/users\/1"}],"replies":[{"embeddable":true,"href":"https:\/\/alagan.tech\/fr\/wp-json\/wp\/v2\/comments?post=989654"}],"version-history":[{"count":4,"href":"https:\/\/alagan.tech\/fr\/wp-json\/wp\/v2\/pages\/989654\/revisions"}],"predecessor-version":[{"id":989667,"href":"https:\/\/alagan.tech\/fr\/wp-json\/wp\/v2\/pages\/989654\/revisions\/989667"}],"up":[{"embeddable":true,"href":"https:\/\/alagan.tech\/fr\/wp-json\/wp\/v2\/pages\/1295"}],"wp:featuredmedia":[{"embeddable":true,"href":"https:\/\/alagan.tech\/fr\/wp-json\/wp\/v2\/media\/989662"}],"wp:attachment":[{"href":"https:\/\/alagan.tech\/fr\/wp-json\/wp\/v2\/media?parent=989654"}],"curies":[{"name":"wp","href":"https:\/\/api.w.org\/{rel}","templated":true}]}}