{"id":989766,"date":"2025-10-20T14:32:04","date_gmt":"2025-10-20T14:32:04","guid":{"rendered":"https:\/\/alagan.tech\/?page_id=989766"},"modified":"2025-10-20T14:35:35","modified_gmt":"2025-10-20T14:35:35","slug":"secil-sendag","status":"publish","type":"page","link":"https:\/\/alagan.tech\/fr\/ekibimiz\/secil-sendag\/","title":{"rendered":"Se\u00e7il \u015eenda\u011f"},"content":{"rendered":"<div data-elementor-type=\"wp-page\" data-elementor-id=\"989766\" class=\"elementor elementor-989766\" data-elementor-post-type=\"page\">\n\t\t\t\t\t\t<section class=\"elementor-section elementor-top-section elementor-element elementor-element-282f8016 elementor-section-full_width elementor-section-height-default elementor-section-height-default\" data-id=\"282f8016\" data-element_type=\"section\">\n\t\t\t\t\t\t<div class=\"elementor-container elementor-column-gap-no\">\n\t\t\t\t\t<div class=\"elementor-column elementor-col-100 elementor-top-column elementor-element elementor-element-1d8e7f05\" data-id=\"1d8e7f05\" data-element_type=\"column\">\n\t\t\t<div class=\"elementor-widget-wrap elementor-element-populated\">\n\t\t\t\t\t\t<div class=\"elementor-element elementor-element-58f8d540 elementor-widget elementor-widget-text-editor\" data-id=\"58f8d540\" data-element_type=\"widget\" data-widget_type=\"text-editor.default\">\n\t\t\t\t<div class=\"elementor-widget-container\">\n\t\t\t\t\t\t\t\t\t<p data-start=\"176\" data-end=\"423\">Se\u00e7il \u015eenda\u011f est une consultante en impact social et communication disposant de plus de 25 ans d\u2019exp\u00e9rience. Elle \u00e9tend son expertise \u00e0 l\u2019\u00e9chelle internationale \u00e0 travers ses activit\u00e9s de conseil chez Alagan.tech, o\u00f9 elle met \u00e0 profit ses d\u00e9cennies d\u2019exp\u00e9rience.<\/p><p data-start=\"425\" data-end=\"620\">Elle a \u00e9labor\u00e9 des strat\u00e9gies de communication ax\u00e9es sur l\u2019impact social et les a mises en \u0153uvre au moyen de projets de capital social, de gestion de la r\u00e9putation d\u2019entreprise, ainsi que de la gestion des parties prenantes et des m\u00e9dias.<\/p><p data-start=\"622\" data-end=\"1182\">Elle a d\u00e9montr\u00e9 un succ\u00e8s notable dans la sensibilisation du public au sein de projets d\u2019impact social multidisciplinaires, en particulier dans le cadre de projets financ\u00e9s par l\u2019Union europ\u00e9enne et d\u2019organisations des Nations unies. Elle poss\u00e8de une solide exp\u00e9rience en tant qu\u2019experte principale en communication dans plusieurs projets de l\u2019UE en Turquie, tels que le projet City Air \u2013 Assistance technique pour l\u2019am\u00e9lioration de la qualit\u00e9 de l\u2019air et la sensibilisation du public. Ses domaines d\u2019expertise incluent la durabilit\u00e9 sociale, la communication sur la durabilit\u00e9 en lien avec le genre, l\u2019action climatique et la migration.<\/p><p data-start=\"1184\" data-end=\"1527\">Se\u00e7il \u015eenda\u011f poss\u00e8de \u00e9galement une vaste exp\u00e9rience dans le domaine de la mobilit\u00e9 durable, collaborant avec des ONG en Europe et en Turquie afin de promouvoir des leaders d\u2019opinion dans ce secteur. Elle est membre fondatrice du conseil d\u2019administration de la Sustainable Mobility Initiative (SMI), o\u00f9 elle contribue activement en tant qu\u2019experte en communication.<\/p><p data-start=\"1529\" data-end=\"1915\">Elle d\u00e9tient une connaissance approfondie des questions d\u2019\u00e9galit\u00e9 de genre et \u0153uvre pour l\u2019autonomisation sociale et \u00e9conomique des femmes et des coop\u00e9ratives dirig\u00e9es par des femmes. En tant que consultante externe et consultante DE&amp;I, elle collabore avec le secteur priv\u00e9, la soci\u00e9t\u00e9 civile et diverses organisations internationales telles que la D\u00e9l\u00e9gation de l\u2019Union europ\u00e9enne, la FAO et ONU Femmes.<\/p><p data-start=\"1917\" data-end=\"2206\">Elle partage ses connaissances \u00e0 travers des formations engageantes et des interventions inspirantes destin\u00e9es aux groupes et aux dirigeants. Elle intervient r\u00e9guli\u00e8rement dans des conf\u00e9rences et m\u00e9dias sur la durabilit\u00e9 sociale, notamment lors d\u2019\u00e9v\u00e9nements prestigieux tels que les Horasis Global et Regional Meetings, les MEA President Meetings et le DP World Global Freight Summit.<\/p><p data-start=\"2208\" data-end=\"2332\">Se\u00e7il \u015eenda\u011f consacre son temps et ses comp\u00e9tences \u00e0 l\u2019avancement de la soci\u00e9t\u00e9, s\u2019effor\u00e7ant de cr\u00e9er un impact social positif et durable.<\/p>\t\t\t\t\t\t\t\t<\/div>\n\t\t\t\t<\/div>\n\t\t\t\t<div class=\"elementor-element elementor-element-2f97e718 elementor-shape-circle elementor-grid-2 e-grid-align-left e-grid-align-mobile-left elementor-widget__width-auto elementor-widget elementor-widget-social-icons\" data-id=\"2f97e718\" data-element_type=\"widget\" data-widget_type=\"social-icons.default\">\n\t\t\t\t<div class=\"elementor-widget-container\">\n\t\t\t\t\t\t\t<div class=\"elementor-social-icons-wrapper elementor-grid\">\n\t\t\t\t\t\t\t<span class=\"elementor-grid-item\">\n\t\t\t\t\t<a class=\"elementor-icon elementor-social-icon elementor-social-icon-linkedin elementor-repeater-item-c7c5b59\" href=\"https:\/\/www.linkedin.com\/in\/ssendag\/\" target=\"_blank\">\n\t\t\t\t\t\t<span class=\"elementor-screen-only\">Linkedin<\/span>\n\t\t\t\t\t\t<i class=\"fab fa-linkedin\"><\/i>\t\t\t\t\t<\/a>\n\t\t\t\t<\/span>\n\t\t\t\t\t<\/div>\n\t\t\t\t\t\t<\/div>\n\t\t\t\t<\/div>\n\t\t\t\t\t<\/div>\n\t\t<\/div>\n\t\t\t\t\t<\/div>\n\t\t<\/section>\n\t\t\t\t<\/div>","protected":false},"excerpt":{"rendered":"<p>Partenaire Commercial<\/p>","protected":false},"author":1,"featured_media":989767,"parent":1295,"menu_order":0,"comment_status":"closed","ping_status":"closed","template":"","meta":{"footnotes":""},"class_list":["post-989766","page","type-page","status-publish","has-post-thumbnail","hentry"],"_links":{"self":[{"href":"https:\/\/alagan.tech\/fr\/wp-json\/wp\/v2\/pages\/989766","targetHints":{"allow":["GET"]}}],"collection":[{"href":"https:\/\/alagan.tech\/fr\/wp-json\/wp\/v2\/pages"}],"about":[{"href":"https:\/\/alagan.tech\/fr\/wp-json\/wp\/v2\/types\/page"}],"author":[{"embeddable":true,"href":"https:\/\/alagan.tech\/fr\/wp-json\/wp\/v2\/users\/1"}],"replies":[{"embeddable":true,"href":"https:\/\/alagan.tech\/fr\/wp-json\/wp\/v2\/comments?post=989766"}],"version-history":[{"count":7,"href":"https:\/\/alagan.tech\/fr\/wp-json\/wp\/v2\/pages\/989766\/revisions"}],"predecessor-version":[{"id":989777,"href":"https:\/\/alagan.tech\/fr\/wp-json\/wp\/v2\/pages\/989766\/revisions\/989777"}],"up":[{"embeddable":true,"href":"https:\/\/alagan.tech\/fr\/wp-json\/wp\/v2\/pages\/1295"}],"wp:featuredmedia":[{"embeddable":true,"href":"https:\/\/alagan.tech\/fr\/wp-json\/wp\/v2\/media\/989767"}],"wp:attachment":[{"href":"https:\/\/alagan.tech\/fr\/wp-json\/wp\/v2\/media?parent=989766"}],"curies":[{"name":"wp","href":"https:\/\/api.w.org\/{rel}","templated":true}]}}